{"id":31379,"date":"2025-05-02T14:58:43","date_gmt":"2025-05-02T21:58:43","guid":{"rendered":"https:\/\/deltacontrols.wpenginepowered.com\/?post_type=product&#038;p=31379"},"modified":"2026-02-04T15:20:06","modified_gmt":"2026-02-04T23:20:06","slug":"entelicloud","status":"publish","type":"product","link":"https:\/\/dev.deltacontrols.com\/de\/products\/entelicloud\/","title":{"rendered":"enteliCLOUD"},"content":{"rendered":"<div data-elementor-type=\"wp-post\" data-elementor-id=\"31379\" class=\"elementor elementor-31379\" data-elementor-post-type=\"product\">\n\t\t\t\t<section class=\"elementor-element elementor-element-6eba2f7 e-flex e-con-boxed e-con e-parent\" data-id=\"6eba2f7\" data-element_type=\"container\" data-e-type=\"container\">\n\t\t\t\t\t<div class=\"e-con-inner\">\n\t\t<div class=\"elementor-element elementor-element-bc59222 e-con-full e-flex e-con e-child\" data-id=\"bc59222\" data-element_type=\"container\" data-e-type=\"container\">\n\t\t<div class=\"elementor-element elementor-element-03fb685 e-con-full e-flex e-con e-child\" data-id=\"03fb685\" data-element_type=\"container\" data-e-type=\"container\">\n\t\t\t\t<div class=\"elementor-element elementor-element-40c2bf6 elementor-widget elementor-widget-shortcode\" data-id=\"40c2bf6\" data-element_type=\"widget\" data-e-type=\"widget\" data-widget_type=\"shortcode.default\">\n\t\t\t\t<div class=\"elementor-widget-container\">\n\t\t\t\t\t\t\t<div class=\"elementor-shortcode\"><script src=\"https:\/\/fast.wistia.com\/embed\/medias\/kkyxmhaeia.jsonp\" async><\/script><script src=\"https:\/\/fast.wistia.com\/assets\/external\/E-v1.js\" async><\/script><div class=\"wistia_responsive_padding\" style=\"padding:56.25% 0 0 0;position:relative;\"><div class=\"wistia_responsive_wrapper\" style=\"height:100%;left:0;position:absolute;top:0;width:100%;\"><div class=\"wistia_embed wistia_async_kkyxmhaeia seo=false videoFoam=true\" style=\"height:100%;position:relative;width:100%\"><div class=\"wistia_swatch\" style=\"height:100%;left:0;opacity:0;overflow:hidden;position:absolute;top:0;transition:opacity 200ms;width:100%;\"><img decoding=\"async\" src=\"https:\/\/fast.wistia.com\/embed\/medias\/kkyxmhaeia\/swatch\" style=\"filter:blur(5px);height:100%;object-fit:contain;width:100%;\" alt=\"\" aria-hidden=\"true\" onload=\"this.parentNode.style.opacity=1;\" \/><\/div><\/div><\/div><\/div><\/div>\n\t\t\t\t\t\t<\/div>\n\t\t\t\t<\/div>\n\t\t\t\t<\/div>\n\t\t<div class=\"elementor-element elementor-element-7608134 e-con-full e-flex e-con e-child\" data-id=\"7608134\" data-element_type=\"container\" data-e-type=\"container\">\n\t\t\t\t<div class=\"elementor-element elementor-element-7763d57 elementor-widget elementor-widget-heading\" data-id=\"7763d57\" data-element_type=\"widget\" data-e-type=\"widget\" data-widget_type=\"heading.default\">\n\t\t\t\t<div class=\"elementor-widget-container\">\n\t\t\t\t\t<h1 class=\"elementor-heading-title elementor-size-default\">enteliCLOUD<\/h1>\t\t\t\t<\/div>\n\t\t\t\t<\/div>\n\t\t\t\t<div class=\"elementor-element elementor-element-2bb392e elementor-widget elementor-widget-heading\" data-id=\"2bb392e\" data-element_type=\"widget\" data-e-type=\"widget\" data-widget_type=\"heading.default\">\n\t\t\t\t<div class=\"elementor-widget-container\">\n\t\t\t\t\t<h2 class=\"elementor-heading-title elementor-size-default\">Geb\u00e4udemanagement-Software als Service (SaaS)\u200b\u200b\u200b\u200b\u200b\u200b\u200b<\/h2>\t\t\t\t<\/div>\n\t\t\t\t<\/div>\n\t\t\t\t<div class=\"elementor-element elementor-element-5fd86cb text-list elementor-widget elementor-widget-text-editor\" data-id=\"5fd86cb\" data-element_type=\"widget\" data-e-type=\"widget\" data-widget_type=\"text-editor.default\">\n\t\t\t\t<div class=\"elementor-widget-container\">\n\t\t\t\t\t\t\t\t\t<p>enteliCLOUD ist eine cloudbasierte Software als Service (SaaS), die Ihre Geb\u00e4udeautomationssystemdaten sicher erfasst, \u00fcbertr\u00e4gt und speichert, um Organisation, Verwaltung und Einsparpotenziale zu optimieren.<\/p><p>\u00dcberwachen, betreiben und steuern Sie Ihre Bestandsgeb\u00e4ude \u00fcber verschiedene Regionen hinweg mit Ihrem Computer oder Smart Device, um die betriebliche Effizienz zu maximieren, den Wert Ihrer Immobilie zu steigern und Energie zu sparen. Und indem Sie eine durchweg erstklassige Umgebung bieten, steigern Sie die Produktivit\u00e4t Ihrer Mitarbeiter und den Wert Ihres Portfolios.<\/p>\t\t\t\t\t\t\t\t<\/div>\n\t\t\t\t<\/div>\n\t\t\t\t<\/div>\n\t\t\t\t<\/div>\n\t\t\t\t\t<\/div>\n\t\t\t\t<\/section>\n\t\t<section class=\"elementor-element elementor-element-78c0102 e-flex e-con-boxed e-con e-parent\" data-id=\"78c0102\" data-element_type=\"container\" data-e-type=\"container\">\n\t\t\t\t\t<div class=\"e-con-inner\">\n\t\t<div class=\"elementor-element elementor-element-824de20 e-con-full e-flex e-con e-child\" data-id=\"824de20\" data-element_type=\"container\" data-e-type=\"container\">\n\t\t<div class=\"elementor-element elementor-element-dad1d44 e-con-full e-flex e-con e-child\" data-id=\"dad1d44\" data-element_type=\"container\" data-e-type=\"container\">\n\t\t\t\t<div class=\"elementor-element elementor-element-4a94062 elementor-widget elementor-widget-heading\" data-id=\"4a94062\" data-element_type=\"widget\" data-e-type=\"widget\" data-widget_type=\"heading.default\">\n\t\t\t\t<div class=\"elementor-widget-container\">\n\t\t\t\t\t<h3 class=\"elementor-heading-title elementor-size-default\">Kernfunktionen<\/h3>\t\t\t\t<\/div>\n\t\t\t\t<\/div>\n\t\t<div class=\"elementor-element elementor-element-185fc6e e-con-full e-flex e-con e-child\" data-id=\"185fc6e\" data-element_type=\"container\" data-e-type=\"container\">\n\t\t\t\t<div class=\"elementor-element elementor-element-f618cda elementor-widget elementor-widget-heading\" data-id=\"f618cda\" data-element_type=\"widget\" data-e-type=\"widget\" data-widget_type=\"heading.default\">\n\t\t\t\t<div class=\"elementor-widget-container\">\n\t\t\t\t\t<h4 class=\"elementor-heading-title elementor-size-default\">Zugangskontrolle per Fernzugriff<\/h4>\t\t\t\t<\/div>\n\t\t\t\t<\/div>\n\t\t\t\t<div class=\"elementor-element elementor-element-ceb148b text-list elementor-widget elementor-widget-text-editor\" data-id=\"ceb148b\" data-element_type=\"widget\" data-e-type=\"widget\" data-widget_type=\"text-editor.default\">\n\t\t\t\t<div class=\"elementor-widget-container\">\n\t\t\t\t\t\t\t\t\t<p>\u00dcberwachen und steuern Sie Geb\u00e4ude von zu Hause, vom B\u00fcro oder von unterwegs, ohne Personal vor Ort einzusetzen.<\/p>\t\t\t\t\t\t\t\t<\/div>\n\t\t\t\t<\/div>\n\t\t\t\t<\/div>\n\t\t<div class=\"elementor-element elementor-element-12c8830 e-con-full e-flex e-con e-child\" data-id=\"12c8830\" data-element_type=\"container\" data-e-type=\"container\">\n\t\t\t\t<div class=\"elementor-element elementor-element-9b9da29 elementor-widget elementor-widget-heading\" data-id=\"9b9da29\" data-element_type=\"widget\" data-e-type=\"widget\" data-widget_type=\"heading.default\">\n\t\t\t\t<div class=\"elementor-widget-container\">\n\t\t\t\t\t<h4 class=\"elementor-heading-title elementor-size-default\">Management erneuerbarer Energien<\/h4>\t\t\t\t<\/div>\n\t\t\t\t<\/div>\n\t\t\t\t<div class=\"elementor-element elementor-element-3ac2936 text-list elementor-widget elementor-widget-text-editor\" data-id=\"3ac2936\" data-element_type=\"widget\" data-e-type=\"widget\" data-widget_type=\"text-editor.default\">\n\t\t\t\t<div class=\"elementor-widget-container\">\n\t\t\t\t\t\t\t\t\t<p>Erneuerbare Energiequellen in Abstimmung mit dem Energieverbrauch verwalten<\/p>\t\t\t\t\t\t\t\t<\/div>\n\t\t\t\t<\/div>\n\t\t\t\t<\/div>\n\t\t<div class=\"elementor-element elementor-element-0a0b658 e-con-full e-flex e-con e-child\" data-id=\"0a0b658\" data-element_type=\"container\" data-e-type=\"container\">\n\t\t\t\t<div class=\"elementor-element elementor-element-05137c3 elementor-widget elementor-widget-heading\" data-id=\"05137c3\" data-element_type=\"widget\" data-e-type=\"widget\" data-widget_type=\"heading.default\">\n\t\t\t\t<div class=\"elementor-widget-container\">\n\t\t\t\t\t<h4 class=\"elementor-heading-title elementor-size-default\">Gesch\u00e4ftstaktiken optimieren<\/h4>\t\t\t\t<\/div>\n\t\t\t\t<\/div>\n\t\t\t\t<div class=\"elementor-element elementor-element-2d16164 text-list elementor-widget elementor-widget-text-editor\" data-id=\"2d16164\" data-element_type=\"widget\" data-e-type=\"widget\" data-widget_type=\"text-editor.default\">\n\t\t\t\t<div class=\"elementor-widget-container\">\n\t\t\t\t\t\t\t\t\t<p>Bessere Gesch\u00e4ftsentscheidungen auf der Grundlage aktueller Geb\u00e4udeleistungsdaten.<\/p>\t\t\t\t\t\t\t\t<\/div>\n\t\t\t\t<\/div>\n\t\t\t\t<\/div>\n\t\t<div class=\"elementor-element elementor-element-2dd78f9 e-con-full e-flex e-con e-child\" data-id=\"2dd78f9\" data-element_type=\"container\" data-e-type=\"container\">\n\t\t\t\t<div class=\"elementor-element elementor-element-c5e82e4 elementor-widget elementor-widget-heading\" data-id=\"c5e82e4\" data-element_type=\"widget\" data-e-type=\"widget\" data-widget_type=\"heading.default\">\n\t\t\t\t<div class=\"elementor-widget-container\">\n\t\t\t\t\t<h4 class=\"elementor-heading-title elementor-size-default\">Kosten senken<\/h4>\t\t\t\t<\/div>\n\t\t\t\t<\/div>\n\t\t\t\t<div class=\"elementor-element elementor-element-30b157b text-list elementor-widget elementor-widget-text-editor\" data-id=\"30b157b\" data-element_type=\"widget\" data-e-type=\"widget\" data-widget_type=\"text-editor.default\">\n\t\t\t\t<div class=\"elementor-widget-container\">\n\t\t\t\t\t\t\t\t\t<p>Sie k\u00f6nnen kostspielige Besuche von Servicetechnikern im Notfall reduzieren, indem Sie Probleme im Voraus diagnostizieren und per Fernzugriff beheben.<\/p>\t\t\t\t\t\t\t\t<\/div>\n\t\t\t\t<\/div>\n\t\t\t\t<\/div>\n\t\t\t\t<\/div>\n\t\t<div class=\"elementor-element elementor-element-369ec56 e-con-full e-flex e-con e-child\" data-id=\"369ec56\" data-element_type=\"container\" data-e-type=\"container\">\n\t\t\t\t<div class=\"elementor-element elementor-element-8d7242e elementor-widget elementor-widget-image\" data-id=\"8d7242e\" data-element_type=\"widget\" data-e-type=\"widget\" data-widget_type=\"image.default\">\n\t\t\t\t<div class=\"elementor-widget-container\">\n\t\t\t\t\t\t\t\t\t\t\t\t\t\t\t<img fetchpriority=\"high\" decoding=\"async\" width=\"720\" height=\"405\" src=\"https:\/\/dev.deltacontrols.com\/wp-content\/uploads\/Lock-resized.jpg\" class=\"attachment-large size-large wp-image-31629\" alt=\"cloud access restriction\" srcset=\"https:\/\/dev.deltacontrols.com\/wp-content\/uploads\/Lock-resized.jpg 720w, https:\/\/dev.deltacontrols.com\/wp-content\/uploads\/Lock-resized-300x169.jpg 300w\" sizes=\"(max-width: 720px) 100vw, 720px\" \/>\t\t\t\t\t\t\t\t\t\t\t\t\t\t\t<\/div>\n\t\t\t\t<\/div>\n\t\t\t\t<\/div>\n\t\t\t\t<\/div>\n\t\t\t\t\t<\/div>\n\t\t\t\t<\/section>\n\t\t<div class=\"elementor-element elementor-element-a7d25e3 e-flex e-con-boxed e-con e-parent\" data-id=\"a7d25e3\" data-element_type=\"container\" data-e-type=\"container\" data-settings=\"{&quot;background_background&quot;:&quot;classic&quot;}\">\n\t\t\t\t\t<div class=\"e-con-inner\">\n\t\t<div class=\"elementor-element elementor-element-69d9b003 e-con-full e-flex e-con e-child\" data-id=\"69d9b003\" data-element_type=\"container\" data-e-type=\"container\" data-settings=\"{&quot;background_background&quot;:&quot;classic&quot;}\">\n\t\t<div class=\"elementor-element elementor-element-48addb86 e-con-full e-flex e-con e-child\" data-id=\"48addb86\" data-element_type=\"container\" data-e-type=\"container\">\n\t\t\t\t<div class=\"elementor-element elementor-element-74858d8b elementor-widget elementor-widget-heading\" data-id=\"74858d8b\" data-element_type=\"widget\" data-e-type=\"widget\" data-widget_type=\"heading.default\">\n\t\t\t\t<div class=\"elementor-widget-container\">\n\t\t\t\t\t<h3 class=\"elementor-heading-title elementor-size-default\">enteliCLOUD bietet dieselben Funktionen wie eine On-Premise-L\u00f6sung \u2013 bei geringeren Betriebskosten sowie einfacher Bereitstellung und Updates.<\/h3>\t\t\t\t<\/div>\n\t\t\t\t<\/div>\n\t\t\t\t<div class=\"elementor-element elementor-element-5e1d5e4 elementor-widget elementor-widget-text-editor\" data-id=\"5e1d5e4\" data-element_type=\"widget\" data-e-type=\"widget\" data-widget_type=\"text-editor.default\">\n\t\t\t\t<div class=\"elementor-widget-container\">\n\t\t\t\t\t\t\t\t\t<p>Durch die Bereitstellung einer konstant hervorragenden Mitarbeiter- und Kundenumgebung steigern Sie die Produktivit\u00e4t Ihrer Mitarbeiter und den Wert Ihres Portfolios.<\/p>\t\t\t\t\t\t\t\t<\/div>\n\t\t\t\t<\/div>\n\t\t\t\t<\/div>\n\t\t\t\t<\/div>\n\t\t<div class=\"elementor-element elementor-element-12a62644 e-con-full e-flex e-con e-child\" data-id=\"12a62644\" data-element_type=\"container\" data-e-type=\"container\" data-settings=\"{&quot;background_background&quot;:&quot;classic&quot;}\">\n\t\t\t\t<\/div>\n\t\t\t\t\t<\/div>\n\t\t\t\t<\/div>\n\t\t\t\t<\/div>","protected":false},"excerpt":{"rendered":"<p>enteliCLOUD Building Management System Software as a Service (Saas) enteliCLOUD is a cloud Software as a Service (SaaS) that securely acquires, transfers, and stores your building automation system data to [&hellip;]<\/p>\n","protected":false},"featured_media":31979,"template":"","meta":{"_acf_changed":false},"product_category":[44,38],"product_tag":[],"class_list":["post-31379","product","type-product","status-publish","has-post-thumbnail","hentry"],"acf":{"product_spec_sheet_gallery":[31633,31632,31630,31631],"has_spec_sheets":true},"yoast_head":"<!-- This site is optimized with the Yoast SEO Premium plugin v25.9 (Yoast SEO v27.3) - https:\/\/yoast.com\/product\/yoast-seo-premium-wordpress\/ -->\n<title>enteliCLOUD | Delta Controls<\/title>\n<meta name=\"description\" content=\"Manage building systems securely from anywhere with enteliCLOUD\u2014a scalable BMS platform offering remote control, data storage, and insights.\" \/>\n<meta name=\"robots\" content=\"index, follow, max-snippet:-1, max-image-preview:large, max-video-preview:-1\" \/>\n<link rel=\"canonical\" href=\"https:\/\/dev.deltacontrols.com\/de\/products\/entelicloud\/\" \/>\n<meta property=\"og:locale\" content=\"de_DE\" \/>\n<meta property=\"og:type\" content=\"article\" \/>\n<meta property=\"og:title\" content=\"enteliCLOUD\" \/>\n<meta property=\"og:description\" content=\"Manage building systems securely from anywhere with enteliCLOUD\u2014a scalable BMS platform offering remote control, data storage, and insights.\" \/>\n<meta property=\"og:url\" content=\"https:\/\/dev.deltacontrols.com\/de\/products\/entelicloud\/\" \/>\n<meta property=\"og:site_name\" content=\"Delta Intelligent Building Technologies (Canada) Inc.\" \/>\n<meta property=\"article:modified_time\" content=\"2026-02-04T23:20:06+00:00\" \/>\n<meta property=\"og:image\" content=\"https:\/\/dev.deltacontrols.com\/wp-content\/uploads\/Building-1.1-resized.jpg\" \/>\n\t<meta property=\"og:image:width\" content=\"720\" \/>\n\t<meta property=\"og:image:height\" content=\"405\" \/>\n\t<meta property=\"og:image:type\" content=\"image\/jpeg\" \/>\n<meta name=\"twitter:card\" content=\"summary_large_image\" \/>\n<meta name=\"twitter:site\" content=\"@deltacontrols\" \/>\n<meta name=\"twitter:label1\" content=\"Est. reading time\" \/>\n\t<meta name=\"twitter:data1\" content=\"1\u00a0Minute\" \/>\n<script type=\"application\/ld+json\" class=\"yoast-schema-graph\">{\"@context\":\"https:\\\/\\\/schema.org\",\"@graph\":[{\"@type\":\"WebPage\",\"@id\":\"https:\\\/\\\/dev.deltacontrols.com\\\/products\\\/entelicloud\\\/\",\"url\":\"https:\\\/\\\/dev.deltacontrols.com\\\/products\\\/entelicloud\\\/\",\"name\":\"enteliCLOUD | Delta Controls\",\"isPartOf\":{\"@id\":\"https:\\\/\\\/dev.deltacontrols.com\\\/#website\"},\"primaryImageOfPage\":{\"@id\":\"https:\\\/\\\/dev.deltacontrols.com\\\/products\\\/entelicloud\\\/#primaryimage\"},\"image\":{\"@id\":\"https:\\\/\\\/dev.deltacontrols.com\\\/products\\\/entelicloud\\\/#primaryimage\"},\"thumbnailUrl\":\"https:\\\/\\\/dev.deltacontrols.com\\\/wp-content\\\/uploads\\\/Building-1.1-resized.jpg\",\"datePublished\":\"2025-05-02T21:58:43+00:00\",\"dateModified\":\"2026-02-04T23:20:06+00:00\",\"description\":\"Manage building systems securely from anywhere with enteliCLOUD\u2014a scalable BMS platform offering remote control, data storage, and insights.\",\"breadcrumb\":{\"@id\":\"https:\\\/\\\/dev.deltacontrols.com\\\/products\\\/entelicloud\\\/#breadcrumb\"},\"inLanguage\":\"de\",\"potentialAction\":[{\"@type\":\"ReadAction\",\"target\":[\"https:\\\/\\\/dev.deltacontrols.com\\\/products\\\/entelicloud\\\/\"]}]},{\"@type\":\"ImageObject\",\"inLanguage\":\"de\",\"@id\":\"https:\\\/\\\/dev.deltacontrols.com\\\/products\\\/entelicloud\\\/#primaryimage\",\"url\":\"https:\\\/\\\/dev.deltacontrols.com\\\/wp-content\\\/uploads\\\/Building-1.1-resized.jpg\",\"contentUrl\":\"https:\\\/\\\/dev.deltacontrols.com\\\/wp-content\\\/uploads\\\/Building-1.1-resized.jpg\",\"width\":720,\"height\":405},{\"@type\":\"BreadcrumbList\",\"@id\":\"https:\\\/\\\/dev.deltacontrols.com\\\/products\\\/entelicloud\\\/#breadcrumb\",\"itemListElement\":[{\"@type\":\"ListItem\",\"position\":1,\"name\":\"Home\",\"item\":\"https:\\\/\\\/dev.deltacontrols.com\\\/\"},{\"@type\":\"ListItem\",\"position\":2,\"name\":\"Products\",\"item\":\"https:\\\/\\\/dev.deltacontrols.com\\\/product\\\/\"},{\"@type\":\"ListItem\",\"position\":3,\"name\":\"enteliCLOUD\"}]},{\"@type\":\"WebSite\",\"@id\":\"https:\\\/\\\/dev.deltacontrols.com\\\/#website\",\"url\":\"https:\\\/\\\/dev.deltacontrols.com\\\/\",\"name\":\"Delta Intelligent Building Technologies (Canada) Inc.\",\"description\":\"\",\"publisher\":{\"@id\":\"https:\\\/\\\/dev.deltacontrols.com\\\/#organization\"},\"potentialAction\":[{\"@type\":\"SearchAction\",\"target\":{\"@type\":\"EntryPoint\",\"urlTemplate\":\"https:\\\/\\\/dev.deltacontrols.com\\\/?s={search_term_string}\"},\"query-input\":{\"@type\":\"PropertyValueSpecification\",\"valueRequired\":true,\"valueName\":\"search_term_string\"}}],\"inLanguage\":\"de\"},{\"@type\":\"Organization\",\"@id\":\"https:\\\/\\\/dev.deltacontrols.com\\\/#organization\",\"name\":\"Delta Intelligent Building Technologies (Canada) Inc.\",\"url\":\"https:\\\/\\\/dev.deltacontrols.com\\\/\",\"logo\":{\"@type\":\"ImageObject\",\"inLanguage\":\"de\",\"@id\":\"https:\\\/\\\/dev.deltacontrols.com\\\/#\\\/schema\\\/logo\\\/image\\\/\",\"url\":\"https:\\\/\\\/dev.deltacontrols.com\\\/wp-content\\\/uploads\\\/Delta-Controls-Logo-2024-RGB_WhiteWithRed.png\",\"contentUrl\":\"https:\\\/\\\/dev.deltacontrols.com\\\/wp-content\\\/uploads\\\/Delta-Controls-Logo-2024-RGB_WhiteWithRed.png\",\"width\":1124,\"height\":542,\"caption\":\"Delta Intelligent Building Technologies (Canada) Inc.\"},\"image\":{\"@id\":\"https:\\\/\\\/dev.deltacontrols.com\\\/#\\\/schema\\\/logo\\\/image\\\/\"},\"sameAs\":[\"https:\\\/\\\/x.com\\\/deltacontrols\",\"https:\\\/\\\/www.linkedin.com\\\/company\\\/delta-controls\"]}]}<\/script>\n<!-- \/ Yoast SEO Premium plugin. -->","yoast_head_json":{"title":"enteliCLOUD | Delta Controls","description":"Manage building systems securely from anywhere with enteliCLOUD\u2014a scalable BMS platform offering remote control, data storage, and insights.","robots":{"index":"index","follow":"follow","max-snippet":"max-snippet:-1","max-image-preview":"max-image-preview:large","max-video-preview":"max-video-preview:-1"},"canonical":"https:\/\/dev.deltacontrols.com\/de\/products\/entelicloud\/","og_locale":"de_DE","og_type":"article","og_title":"enteliCLOUD","og_description":"Manage building systems securely from anywhere with enteliCLOUD\u2014a scalable BMS platform offering remote control, data storage, and insights.","og_url":"https:\/\/dev.deltacontrols.com\/de\/products\/entelicloud\/","og_site_name":"Delta Intelligent Building Technologies (Canada) Inc.","article_modified_time":"2026-02-04T23:20:06+00:00","og_image":[{"width":720,"height":405,"url":"https:\/\/dev.deltacontrols.com\/wp-content\/uploads\/Building-1.1-resized.jpg","type":"image\/jpeg"}],"twitter_card":"summary_large_image","twitter_site":"@deltacontrols","twitter_misc":{"Est. reading time":"1\u00a0Minute"},"schema":{"@context":"https:\/\/schema.org","@graph":[{"@type":"WebPage","@id":"https:\/\/dev.deltacontrols.com\/products\/entelicloud\/","url":"https:\/\/dev.deltacontrols.com\/products\/entelicloud\/","name":"enteliCLOUD | Delta Controls","isPartOf":{"@id":"https:\/\/dev.deltacontrols.com\/#website"},"primaryImageOfPage":{"@id":"https:\/\/dev.deltacontrols.com\/products\/entelicloud\/#primaryimage"},"image":{"@id":"https:\/\/dev.deltacontrols.com\/products\/entelicloud\/#primaryimage"},"thumbnailUrl":"https:\/\/dev.deltacontrols.com\/wp-content\/uploads\/Building-1.1-resized.jpg","datePublished":"2025-05-02T21:58:43+00:00","dateModified":"2026-02-04T23:20:06+00:00","description":"Manage building systems securely from anywhere with enteliCLOUD\u2014a scalable BMS platform offering remote control, data storage, and insights.","breadcrumb":{"@id":"https:\/\/dev.deltacontrols.com\/products\/entelicloud\/#breadcrumb"},"inLanguage":"de","potentialAction":[{"@type":"ReadAction","target":["https:\/\/dev.deltacontrols.com\/products\/entelicloud\/"]}]},{"@type":"ImageObject","inLanguage":"de","@id":"https:\/\/dev.deltacontrols.com\/products\/entelicloud\/#primaryimage","url":"https:\/\/dev.deltacontrols.com\/wp-content\/uploads\/Building-1.1-resized.jpg","contentUrl":"https:\/\/dev.deltacontrols.com\/wp-content\/uploads\/Building-1.1-resized.jpg","width":720,"height":405},{"@type":"BreadcrumbList","@id":"https:\/\/dev.deltacontrols.com\/products\/entelicloud\/#breadcrumb","itemListElement":[{"@type":"ListItem","position":1,"name":"Home","item":"https:\/\/dev.deltacontrols.com\/"},{"@type":"ListItem","position":2,"name":"Products","item":"https:\/\/dev.deltacontrols.com\/product\/"},{"@type":"ListItem","position":3,"name":"enteliCLOUD"}]},{"@type":"WebSite","@id":"https:\/\/dev.deltacontrols.com\/#website","url":"https:\/\/dev.deltacontrols.com\/","name":"Delta Intelligent Building Technologies (Canada) Inc.","description":"","publisher":{"@id":"https:\/\/dev.deltacontrols.com\/#organization"},"potentialAction":[{"@type":"SearchAction","target":{"@type":"EntryPoint","urlTemplate":"https:\/\/dev.deltacontrols.com\/?s={search_term_string}"},"query-input":{"@type":"PropertyValueSpecification","valueRequired":true,"valueName":"search_term_string"}}],"inLanguage":"de"},{"@type":"Organization","@id":"https:\/\/dev.deltacontrols.com\/#organization","name":"Delta Intelligent Building Technologies (Canada) Inc.","url":"https:\/\/dev.deltacontrols.com\/","logo":{"@type":"ImageObject","inLanguage":"de","@id":"https:\/\/dev.deltacontrols.com\/#\/schema\/logo\/image\/","url":"https:\/\/dev.deltacontrols.com\/wp-content\/uploads\/Delta-Controls-Logo-2024-RGB_WhiteWithRed.png","contentUrl":"https:\/\/dev.deltacontrols.com\/wp-content\/uploads\/Delta-Controls-Logo-2024-RGB_WhiteWithRed.png","width":1124,"height":542,"caption":"Delta Intelligent Building Technologies (Canada) Inc."},"image":{"@id":"https:\/\/dev.deltacontrols.com\/#\/schema\/logo\/image\/"},"sameAs":["https:\/\/x.com\/deltacontrols","https:\/\/www.linkedin.com\/company\/delta-controls"]}]}},"_links":{"self":[{"href":"https:\/\/dev.deltacontrols.com\/de\/wp-json\/wp\/v2\/product\/31379","targetHints":{"allow":["GET"]}}],"collection":[{"href":"https:\/\/dev.deltacontrols.com\/de\/wp-json\/wp\/v2\/product"}],"about":[{"href":"https:\/\/dev.deltacontrols.com\/de\/wp-json\/wp\/v2\/types\/product"}],"version-history":[{"count":0,"href":"https:\/\/dev.deltacontrols.com\/de\/wp-json\/wp\/v2\/product\/31379\/revisions"}],"acf:attachment":[{"embeddable":true,"href":"https:\/\/dev.deltacontrols.com\/de\/wp-json\/wp\/v2\/media\/31631"},{"embeddable":true,"href":"https:\/\/dev.deltacontrols.com\/de\/wp-json\/wp\/v2\/media\/31630"},{"embeddable":true,"href":"https:\/\/dev.deltacontrols.com\/de\/wp-json\/wp\/v2\/media\/31632"},{"embeddable":true,"href":"https:\/\/dev.deltacontrols.com\/de\/wp-json\/wp\/v2\/media\/31633"}],"wp:featuredmedia":[{"embeddable":true,"href":"https:\/\/dev.deltacontrols.com\/de\/wp-json\/wp\/v2\/media\/31979"}],"wp:attachment":[{"href":"https:\/\/dev.deltacontrols.com\/de\/wp-json\/wp\/v2\/media?parent=31379"}],"wp:term":[{"taxonomy":"product_category","embeddable":true,"href":"https:\/\/dev.deltacontrols.com\/de\/wp-json\/wp\/v2\/product_category?post=31379"},{"taxonomy":"product_tag","embeddable":true,"href":"https:\/\/dev.deltacontrols.com\/de\/wp-json\/wp\/v2\/product_tag?post=31379"}],"curies":[{"name":"wp","href":"https:\/\/api.w.org\/{rel}","templated":true}]}}