{"id":31380,"date":"2025-05-02T08:21:20","date_gmt":"2025-05-02T15:21:20","guid":{"rendered":"https:\/\/deltacontrols.wpenginepowered.com\/?post_type=product&#038;p=31380"},"modified":"2025-08-14T15:11:33","modified_gmt":"2025-08-14T22:11:33","slug":"red5-access-system","status":"publish","type":"product","link":"https:\/\/dev.deltacontrols.com\/de\/products\/red5-access-system\/","title":{"rendered":"Red5 Zugangssystem"},"content":{"rendered":"<div data-elementor-type=\"wp-post\" data-elementor-id=\"31380\" class=\"elementor elementor-31380\" data-elementor-post-type=\"product\">\n\t\t\t\t<section class=\"elementor-element elementor-element-6eba2f7 e-flex e-con-boxed e-con e-parent\" data-id=\"6eba2f7\" data-element_type=\"container\" data-e-type=\"container\">\n\t\t\t\t\t<div class=\"e-con-inner\">\n\t\t<div class=\"elementor-element elementor-element-bc59222 e-con-full e-flex e-con e-child\" data-id=\"bc59222\" data-element_type=\"container\" data-e-type=\"container\">\n\t\t<div class=\"elementor-element elementor-element-03fb685 e-con-full e-flex e-con e-child\" data-id=\"03fb685\" data-element_type=\"container\" data-e-type=\"container\">\n\t\t\t\t<div class=\"elementor-element elementor-element-0b0496a elementor-widget elementor-widget-image\" data-id=\"0b0496a\" data-element_type=\"widget\" data-e-type=\"widget\" data-widget_type=\"image.default\">\n\t\t\t\t<div class=\"elementor-widget-container\">\n\t\t\t\t\t\t\t\t\t\t\t\t\t\t\t<img fetchpriority=\"high\" decoding=\"async\" width=\"720\" height=\"405\" src=\"https:\/\/dev.deltacontrols.com\/wp-content\/uploads\/Red5-Access_top-image-resized.jpg\" class=\"attachment-large size-large wp-image-31605\" alt=\"\" srcset=\"https:\/\/dev.deltacontrols.com\/wp-content\/uploads\/Red5-Access_top-image-resized.jpg 720w, https:\/\/dev.deltacontrols.com\/wp-content\/uploads\/Red5-Access_top-image-resized-300x169.jpg 300w\" sizes=\"(max-width: 720px) 100vw, 720px\" \/>\t\t\t\t\t\t\t\t\t\t\t\t\t\t\t<\/div>\n\t\t\t\t<\/div>\n\t\t\t\t<\/div>\n\t\t<div class=\"elementor-element elementor-element-7608134 e-con-full e-flex e-con e-child\" data-id=\"7608134\" data-element_type=\"container\" data-e-type=\"container\">\n\t\t\t\t<div class=\"elementor-element elementor-element-7763d57 elementor-widget elementor-widget-heading\" data-id=\"7763d57\" data-element_type=\"widget\" data-e-type=\"widget\" data-widget_type=\"heading.default\">\n\t\t\t\t<div class=\"elementor-widget-container\">\n\t\t\t\t\t<h1 class=\"elementor-heading-title elementor-size-default\">Red5 Zugangssystem<\/h1>\t\t\t\t<\/div>\n\t\t\t\t<\/div>\n\t\t\t\t<div class=\"elementor-element elementor-element-2bb392e elementor-widget elementor-widget-heading\" data-id=\"2bb392e\" data-element_type=\"widget\" data-e-type=\"widget\" data-widget_type=\"heading.default\">\n\t\t\t\t<div class=\"elementor-widget-container\">\n\t\t\t\t\t<h2 class=\"elementor-heading-title elementor-size-default\">Kompakt. Modular.<\/h2>\t\t\t\t<\/div>\n\t\t\t\t<\/div>\n\t\t\t\t<div class=\"elementor-element elementor-element-5fd86cb text-list elementor-widget elementor-widget-text-editor\" data-id=\"5fd86cb\" data-element_type=\"widget\" data-e-type=\"widget\" data-widget_type=\"text-editor.default\">\n\t\t\t\t<div class=\"elementor-widget-container\">\n\t\t\t\t\t\t\t\t\t<p>Wenn das Red5 Zugangsmodul zu einem Red5 System hinzugef\u00fcgt wird, wird das Geb\u00e4udeautomationssystem von Delta Controls durch die nahtlose Integration in die Delta Controls-Anwendungen f\u00fcr Klimaanlagen, Beleuchtung und Energiemanagement erweitert.\u200b\u200b\u200b\u200b\u200b\u200b\u200b Dies erm\u00f6glicht die vollst\u00e4ndige Kontrolle \u00fcber Ihre Geb\u00e4udeumgebung, vom kontrollierten Zugang zu Bereichen \u00fcber die Temperatur- und Beleuchtungssteuerung bis hin zur Energie\u00fcberwachung: alles ist unter Kontrolle.\u200b\u200b\u200b\u200b\u200b\u200b\u200b Unser Zugangskontrollsystem bietet flexible und skalierbare L\u00f6sungen f\u00fcr jeden Sicherheitsbedarf.<\/p>\t\t\t\t\t\t\t\t<\/div>\n\t\t\t\t<\/div>\n\t\t\t\t<\/div>\n\t\t\t\t<\/div>\n\t\t\t\t\t<\/div>\n\t\t\t\t<\/section>\n\t\t<section class=\"elementor-element elementor-element-78c0102 e-flex e-con-boxed e-con e-parent\" data-id=\"78c0102\" data-element_type=\"container\" data-e-type=\"container\">\n\t\t\t\t\t<div class=\"e-con-inner\">\n\t\t<div class=\"elementor-element elementor-element-824de20 e-con-full e-flex e-con e-child\" data-id=\"824de20\" data-element_type=\"container\" data-e-type=\"container\">\n\t\t<div class=\"elementor-element elementor-element-dad1d44 e-con-full e-flex e-con e-child\" data-id=\"dad1d44\" data-element_type=\"container\" data-e-type=\"container\">\n\t\t\t\t<div class=\"elementor-element elementor-element-4a94062 elementor-widget elementor-widget-heading\" data-id=\"4a94062\" data-element_type=\"widget\" data-e-type=\"widget\" data-widget_type=\"heading.default\">\n\t\t\t\t<div class=\"elementor-widget-container\">\n\t\t\t\t\t<h3 class=\"elementor-heading-title elementor-size-default\">Kernfunktionen<\/h3>\t\t\t\t<\/div>\n\t\t\t\t<\/div>\n\t\t<div class=\"elementor-element elementor-element-185fc6e e-con-full e-flex e-con e-child\" data-id=\"185fc6e\" data-element_type=\"container\" data-e-type=\"container\">\n\t\t\t\t<div class=\"elementor-element elementor-element-ceb148b text-list elementor-widget elementor-widget-text-editor\" data-id=\"ceb148b\" data-element_type=\"widget\" data-e-type=\"widget\" data-widget_type=\"text-editor.default\">\n\t\t\t\t<div class=\"elementor-widget-container\">\n\t\t\t\t\t\t\t\t\t<p>Integrierte Kompatibilit\u00e4t mit Tools f\u00fcr das Geb\u00e4udeautomationsmanagement und Systemhardware.<\/p>\t\t\t\t\t\t\t\t<\/div>\n\t\t\t\t<\/div>\n\t\t\t\t<div class=\"elementor-element elementor-element-d6b0504 text-list elementor-widget elementor-widget-text-editor\" data-id=\"d6b0504\" data-element_type=\"widget\" data-e-type=\"widget\" data-widget_type=\"text-editor.default\">\n\t\t\t\t<div class=\"elementor-widget-container\">\n\t\t\t\t\t\t\t\t\t<p>BACnet Secure Connect gew\u00e4hrleistet eine sichere und zuverl\u00e4ssige Kommunikation zwischen Ger\u00e4ten.\u200b\u200b\u200b\u200b\u200b\u200b\u200b<\/p>\t\t\t\t\t\t\t\t<\/div>\n\t\t\t\t<\/div>\n\t\t\t\t<div class=\"elementor-element elementor-element-3ac2936 text-list elementor-widget elementor-widget-text-editor\" data-id=\"3ac2936\" data-element_type=\"widget\" data-e-type=\"widget\" data-widget_type=\"text-editor.default\">\n\t\t\t\t<div class=\"elementor-widget-container\">\n\t\t\t\t\t\t\t\t\t<p>Die Modulare L\u00f6sung bietet flexible und skalierbare Systemarchitekturen.<\/p>\t\t\t\t\t\t\t\t<\/div>\n\t\t\t\t<\/div>\n\t\t\t\t<div class=\"elementor-element elementor-element-c648a0a text-list elementor-widget elementor-widget-text-editor\" data-id=\"c648a0a\" data-element_type=\"widget\" data-e-type=\"widget\" data-widget_type=\"text-editor.default\">\n\t\t\t\t<div class=\"elementor-widget-container\">\n\t\t\t\t\t\t\t\t\t<p>Die Integration eines Videomanagementsystems bietet Systembetreibern einen besseren \u00dcberblick.<\/p>\t\t\t\t\t\t\t\t<\/div>\n\t\t\t\t<\/div>\n\t\t\t\t<\/div>\n\t\t\t\t<div class=\"elementor-element elementor-element-6cb15bb text-list elementor-widget elementor-widget-text-editor\" data-id=\"6cb15bb\" data-element_type=\"widget\" data-e-type=\"widget\" data-widget_type=\"text-editor.default\">\n\t\t\t\t<div class=\"elementor-widget-container\">\n\t\t\t\t\t\t\t\t\t<p>Unterst\u00fctzung mehrerer Authentifizierungsmethoden, einschlie\u00dflich biometrischer und mobiler Anmeldedaten.<\/p>\t\t\t\t\t\t\t\t<\/div>\n\t\t\t\t<\/div>\n\t\t\t\t<\/div>\n\t\t<div class=\"elementor-element elementor-element-369ec56 e-con-full e-flex e-con e-child\" data-id=\"369ec56\" data-element_type=\"container\" data-e-type=\"container\">\n\t\t\t\t<div class=\"elementor-element elementor-element-8d7242e elementor-widget elementor-widget-image\" data-id=\"8d7242e\" data-element_type=\"widget\" data-e-type=\"widget\" data-widget_type=\"image.default\">\n\t\t\t\t<div class=\"elementor-widget-container\">\n\t\t\t\t\t\t\t\t\t\t\t\t\t\t\t<img decoding=\"async\" width=\"720\" height=\"405\" src=\"https:\/\/dev.deltacontrols.com\/wp-content\/uploads\/Red5-Access_side-image-resized.jpg\" class=\"attachment-large size-large wp-image-31604\" alt=\"\" srcset=\"https:\/\/dev.deltacontrols.com\/wp-content\/uploads\/Red5-Access_side-image-resized.jpg 720w, https:\/\/dev.deltacontrols.com\/wp-content\/uploads\/Red5-Access_side-image-resized-300x169.jpg 300w\" sizes=\"(max-width: 720px) 100vw, 720px\" \/>\t\t\t\t\t\t\t\t\t\t\t\t\t\t\t<\/div>\n\t\t\t\t<\/div>\n\t\t\t\t<\/div>\n\t\t\t\t<\/div>\n\t\t\t\t\t<\/div>\n\t\t\t\t<\/section>\n\t\t<div class=\"elementor-element elementor-element-1ebeacde e-flex e-con-boxed e-con e-parent\" data-id=\"1ebeacde\" data-element_type=\"container\" data-e-type=\"container\" data-settings=\"{&quot;background_background&quot;:&quot;classic&quot;}\">\n\t\t\t\t\t<div class=\"e-con-inner\">\n\t\t<div class=\"elementor-element elementor-element-34860ada e-con-full e-flex e-con e-child\" data-id=\"34860ada\" data-element_type=\"container\" data-e-type=\"container\" data-settings=\"{&quot;background_background&quot;:&quot;classic&quot;}\">\n\t\t<div class=\"elementor-element elementor-element-5884a0 e-con-full e-flex e-con e-child\" data-id=\"5884a0\" data-element_type=\"container\" data-e-type=\"container\">\n\t\t\t\t<div class=\"elementor-element elementor-element-3fff6860 elementor-widget elementor-widget-heading\" data-id=\"3fff6860\" data-element_type=\"widget\" data-e-type=\"widget\" data-widget_type=\"heading.default\">\n\t\t\t\t<div class=\"elementor-widget-container\">\n\t\t\t\t\t<h3 class=\"elementor-heading-title elementor-size-default\">Behalten Sie Ihr Gel\u00e4nde in Echtzeit im Auge und verbessern Sie so das Situationsbewusstsein.<\/h3>\t\t\t\t<\/div>\n\t\t\t\t<\/div>\n\t\t\t\t<\/div>\n\t\t\t\t<\/div>\n\t\t<div class=\"elementor-element elementor-element-1d79d440 e-con-full e-flex e-con e-child\" data-id=\"1d79d440\" data-element_type=\"container\" data-e-type=\"container\" data-settings=\"{&quot;background_background&quot;:&quot;classic&quot;}\">\n\t\t\t\t<\/div>\n\t\t\t\t\t<\/div>\n\t\t\t\t<\/div>\n\t\t\t\t<\/div>","protected":false},"excerpt":{"rendered":"<p>Red5 Access System Compact. Modular. When the Red5 Access Module is added to a Red5 system, Delta Controls\u2019 building automation system is extended by integrating seamlessly with Delta Controls HVAC, [&hellip;]<\/p>\n","protected":false},"featured_media":31605,"template":"","meta":{"_acf_changed":false},"product_category":[44],"product_tag":[47],"class_list":["post-31380","product","type-product","status-publish","has-post-thumbnail","hentry"],"acf":{"product_spec_sheet_gallery":[31601,31602],"has_spec_sheets":true},"yoast_head":"<!-- This site is optimized with the Yoast SEO Premium plugin v25.9 (Yoast SEO v27.3) - https:\/\/yoast.com\/product\/yoast-seo-premium-wordpress\/ -->\n<title>Red5 Access System | Delta Controls<\/title>\n<meta name=\"description\" content=\"Modular access control for seamless integration with HVAC and lighting. Build secure, unified smart spaces.\" \/>\n<meta name=\"robots\" content=\"index, follow, max-snippet:-1, max-image-preview:large, max-video-preview:-1\" \/>\n<link rel=\"canonical\" href=\"https:\/\/dev.deltacontrols.com\/de\/products\/red5-access-system\/\" \/>\n<meta property=\"og:locale\" content=\"de_DE\" \/>\n<meta property=\"og:type\" content=\"article\" \/>\n<meta property=\"og:title\" content=\"Red5 Access System\" \/>\n<meta property=\"og:description\" content=\"Modular access control for seamless integration with HVAC and lighting. Build secure, unified smart spaces.\" \/>\n<meta property=\"og:url\" content=\"https:\/\/dev.deltacontrols.com\/de\/products\/red5-access-system\/\" \/>\n<meta property=\"og:site_name\" content=\"Delta Intelligent Building Technologies (Canada) Inc.\" \/>\n<meta property=\"article:modified_time\" content=\"2025-08-14T22:11:33+00:00\" \/>\n<meta property=\"og:image\" content=\"https:\/\/dev.deltacontrols.com\/wp-content\/uploads\/Red5-Access_top-image-resized.jpg\" \/>\n\t<meta property=\"og:image:width\" content=\"720\" \/>\n\t<meta property=\"og:image:height\" content=\"405\" \/>\n\t<meta property=\"og:image:type\" content=\"image\/jpeg\" \/>\n<meta name=\"twitter:card\" content=\"summary_large_image\" \/>\n<meta name=\"twitter:site\" content=\"@deltacontrols\" \/>\n<meta name=\"twitter:label1\" content=\"Est. reading time\" \/>\n\t<meta name=\"twitter:data1\" content=\"1\u00a0Minute\" \/>\n<script type=\"application\/ld+json\" class=\"yoast-schema-graph\">{\"@context\":\"https:\\\/\\\/schema.org\",\"@graph\":[{\"@type\":\"WebPage\",\"@id\":\"https:\\\/\\\/dev.deltacontrols.com\\\/products\\\/red5-access-system\\\/\",\"url\":\"https:\\\/\\\/dev.deltacontrols.com\\\/products\\\/red5-access-system\\\/\",\"name\":\"Red5 Access System | Delta Controls\",\"isPartOf\":{\"@id\":\"https:\\\/\\\/dev.deltacontrols.com\\\/#website\"},\"primaryImageOfPage\":{\"@id\":\"https:\\\/\\\/dev.deltacontrols.com\\\/products\\\/red5-access-system\\\/#primaryimage\"},\"image\":{\"@id\":\"https:\\\/\\\/dev.deltacontrols.com\\\/products\\\/red5-access-system\\\/#primaryimage\"},\"thumbnailUrl\":\"https:\\\/\\\/dev.deltacontrols.com\\\/wp-content\\\/uploads\\\/Red5-Access_top-image-resized.jpg\",\"datePublished\":\"2025-05-02T15:21:20+00:00\",\"dateModified\":\"2025-08-14T22:11:33+00:00\",\"description\":\"Modular access control for seamless integration with HVAC and lighting. Build secure, unified smart spaces.\",\"breadcrumb\":{\"@id\":\"https:\\\/\\\/dev.deltacontrols.com\\\/products\\\/red5-access-system\\\/#breadcrumb\"},\"inLanguage\":\"de\",\"potentialAction\":[{\"@type\":\"ReadAction\",\"target\":[\"https:\\\/\\\/dev.deltacontrols.com\\\/products\\\/red5-access-system\\\/\"]}]},{\"@type\":\"ImageObject\",\"inLanguage\":\"de\",\"@id\":\"https:\\\/\\\/dev.deltacontrols.com\\\/products\\\/red5-access-system\\\/#primaryimage\",\"url\":\"https:\\\/\\\/dev.deltacontrols.com\\\/wp-content\\\/uploads\\\/Red5-Access_top-image-resized.jpg\",\"contentUrl\":\"https:\\\/\\\/dev.deltacontrols.com\\\/wp-content\\\/uploads\\\/Red5-Access_top-image-resized.jpg\",\"width\":720,\"height\":405},{\"@type\":\"BreadcrumbList\",\"@id\":\"https:\\\/\\\/dev.deltacontrols.com\\\/products\\\/red5-access-system\\\/#breadcrumb\",\"itemListElement\":[{\"@type\":\"ListItem\",\"position\":1,\"name\":\"Home\",\"item\":\"https:\\\/\\\/dev.deltacontrols.com\\\/\"},{\"@type\":\"ListItem\",\"position\":2,\"name\":\"Products\",\"item\":\"https:\\\/\\\/dev.deltacontrols.com\\\/product\\\/\"},{\"@type\":\"ListItem\",\"position\":3,\"name\":\"Red5 Access System\"}]},{\"@type\":\"WebSite\",\"@id\":\"https:\\\/\\\/dev.deltacontrols.com\\\/#website\",\"url\":\"https:\\\/\\\/dev.deltacontrols.com\\\/\",\"name\":\"Delta Intelligent Building Technologies (Canada) Inc.\",\"description\":\"\",\"publisher\":{\"@id\":\"https:\\\/\\\/dev.deltacontrols.com\\\/#organization\"},\"potentialAction\":[{\"@type\":\"SearchAction\",\"target\":{\"@type\":\"EntryPoint\",\"urlTemplate\":\"https:\\\/\\\/dev.deltacontrols.com\\\/?s={search_term_string}\"},\"query-input\":{\"@type\":\"PropertyValueSpecification\",\"valueRequired\":true,\"valueName\":\"search_term_string\"}}],\"inLanguage\":\"de\"},{\"@type\":\"Organization\",\"@id\":\"https:\\\/\\\/dev.deltacontrols.com\\\/#organization\",\"name\":\"Delta Intelligent Building Technologies (Canada) Inc.\",\"url\":\"https:\\\/\\\/dev.deltacontrols.com\\\/\",\"logo\":{\"@type\":\"ImageObject\",\"inLanguage\":\"de\",\"@id\":\"https:\\\/\\\/dev.deltacontrols.com\\\/#\\\/schema\\\/logo\\\/image\\\/\",\"url\":\"https:\\\/\\\/dev.deltacontrols.com\\\/wp-content\\\/uploads\\\/Delta-Controls-Logo-2024-RGB_WhiteWithRed.png\",\"contentUrl\":\"https:\\\/\\\/dev.deltacontrols.com\\\/wp-content\\\/uploads\\\/Delta-Controls-Logo-2024-RGB_WhiteWithRed.png\",\"width\":1124,\"height\":542,\"caption\":\"Delta Intelligent Building Technologies (Canada) Inc.\"},\"image\":{\"@id\":\"https:\\\/\\\/dev.deltacontrols.com\\\/#\\\/schema\\\/logo\\\/image\\\/\"},\"sameAs\":[\"https:\\\/\\\/x.com\\\/deltacontrols\",\"https:\\\/\\\/www.linkedin.com\\\/company\\\/delta-controls\"]}]}<\/script>\n<!-- \/ Yoast SEO Premium plugin. -->","yoast_head_json":{"title":"Red5 Access System | Delta Controls","description":"Modular access control for seamless integration with HVAC and lighting. Build secure, unified smart spaces.","robots":{"index":"index","follow":"follow","max-snippet":"max-snippet:-1","max-image-preview":"max-image-preview:large","max-video-preview":"max-video-preview:-1"},"canonical":"https:\/\/dev.deltacontrols.com\/de\/products\/red5-access-system\/","og_locale":"de_DE","og_type":"article","og_title":"Red5 Access System","og_description":"Modular access control for seamless integration with HVAC and lighting. Build secure, unified smart spaces.","og_url":"https:\/\/dev.deltacontrols.com\/de\/products\/red5-access-system\/","og_site_name":"Delta Intelligent Building Technologies (Canada) Inc.","article_modified_time":"2025-08-14T22:11:33+00:00","og_image":[{"width":720,"height":405,"url":"https:\/\/dev.deltacontrols.com\/wp-content\/uploads\/Red5-Access_top-image-resized.jpg","type":"image\/jpeg"}],"twitter_card":"summary_large_image","twitter_site":"@deltacontrols","twitter_misc":{"Est. reading time":"1\u00a0Minute"},"schema":{"@context":"https:\/\/schema.org","@graph":[{"@type":"WebPage","@id":"https:\/\/dev.deltacontrols.com\/products\/red5-access-system\/","url":"https:\/\/dev.deltacontrols.com\/products\/red5-access-system\/","name":"Red5 Access System | Delta Controls","isPartOf":{"@id":"https:\/\/dev.deltacontrols.com\/#website"},"primaryImageOfPage":{"@id":"https:\/\/dev.deltacontrols.com\/products\/red5-access-system\/#primaryimage"},"image":{"@id":"https:\/\/dev.deltacontrols.com\/products\/red5-access-system\/#primaryimage"},"thumbnailUrl":"https:\/\/dev.deltacontrols.com\/wp-content\/uploads\/Red5-Access_top-image-resized.jpg","datePublished":"2025-05-02T15:21:20+00:00","dateModified":"2025-08-14T22:11:33+00:00","description":"Modular access control for seamless integration with HVAC and lighting. Build secure, unified smart spaces.","breadcrumb":{"@id":"https:\/\/dev.deltacontrols.com\/products\/red5-access-system\/#breadcrumb"},"inLanguage":"de","potentialAction":[{"@type":"ReadAction","target":["https:\/\/dev.deltacontrols.com\/products\/red5-access-system\/"]}]},{"@type":"ImageObject","inLanguage":"de","@id":"https:\/\/dev.deltacontrols.com\/products\/red5-access-system\/#primaryimage","url":"https:\/\/dev.deltacontrols.com\/wp-content\/uploads\/Red5-Access_top-image-resized.jpg","contentUrl":"https:\/\/dev.deltacontrols.com\/wp-content\/uploads\/Red5-Access_top-image-resized.jpg","width":720,"height":405},{"@type":"BreadcrumbList","@id":"https:\/\/dev.deltacontrols.com\/products\/red5-access-system\/#breadcrumb","itemListElement":[{"@type":"ListItem","position":1,"name":"Home","item":"https:\/\/dev.deltacontrols.com\/"},{"@type":"ListItem","position":2,"name":"Products","item":"https:\/\/dev.deltacontrols.com\/product\/"},{"@type":"ListItem","position":3,"name":"Red5 Access System"}]},{"@type":"WebSite","@id":"https:\/\/dev.deltacontrols.com\/#website","url":"https:\/\/dev.deltacontrols.com\/","name":"Delta Intelligent Building Technologies (Canada) Inc.","description":"","publisher":{"@id":"https:\/\/dev.deltacontrols.com\/#organization"},"potentialAction":[{"@type":"SearchAction","target":{"@type":"EntryPoint","urlTemplate":"https:\/\/dev.deltacontrols.com\/?s={search_term_string}"},"query-input":{"@type":"PropertyValueSpecification","valueRequired":true,"valueName":"search_term_string"}}],"inLanguage":"de"},{"@type":"Organization","@id":"https:\/\/dev.deltacontrols.com\/#organization","name":"Delta Intelligent Building Technologies (Canada) Inc.","url":"https:\/\/dev.deltacontrols.com\/","logo":{"@type":"ImageObject","inLanguage":"de","@id":"https:\/\/dev.deltacontrols.com\/#\/schema\/logo\/image\/","url":"https:\/\/dev.deltacontrols.com\/wp-content\/uploads\/Delta-Controls-Logo-2024-RGB_WhiteWithRed.png","contentUrl":"https:\/\/dev.deltacontrols.com\/wp-content\/uploads\/Delta-Controls-Logo-2024-RGB_WhiteWithRed.png","width":1124,"height":542,"caption":"Delta Intelligent Building Technologies (Canada) Inc."},"image":{"@id":"https:\/\/dev.deltacontrols.com\/#\/schema\/logo\/image\/"},"sameAs":["https:\/\/x.com\/deltacontrols","https:\/\/www.linkedin.com\/company\/delta-controls"]}]}},"_links":{"self":[{"href":"https:\/\/dev.deltacontrols.com\/de\/wp-json\/wp\/v2\/product\/31380","targetHints":{"allow":["GET"]}}],"collection":[{"href":"https:\/\/dev.deltacontrols.com\/de\/wp-json\/wp\/v2\/product"}],"about":[{"href":"https:\/\/dev.deltacontrols.com\/de\/wp-json\/wp\/v2\/types\/product"}],"version-history":[{"count":0,"href":"https:\/\/dev.deltacontrols.com\/de\/wp-json\/wp\/v2\/product\/31380\/revisions"}],"acf:attachment":[{"embeddable":true,"href":"https:\/\/dev.deltacontrols.com\/de\/wp-json\/wp\/v2\/media\/31602"},{"embeddable":true,"href":"https:\/\/dev.deltacontrols.com\/de\/wp-json\/wp\/v2\/media\/31601"}],"wp:featuredmedia":[{"embeddable":true,"href":"https:\/\/dev.deltacontrols.com\/de\/wp-json\/wp\/v2\/media\/31605"}],"wp:attachment":[{"href":"https:\/\/dev.deltacontrols.com\/de\/wp-json\/wp\/v2\/media?parent=31380"}],"wp:term":[{"taxonomy":"product_category","embeddable":true,"href":"https:\/\/dev.deltacontrols.com\/de\/wp-json\/wp\/v2\/product_category?post=31380"},{"taxonomy":"product_tag","embeddable":true,"href":"https:\/\/dev.deltacontrols.com\/de\/wp-json\/wp\/v2\/product_tag?post=31380"}],"curies":[{"name":"wp","href":"https:\/\/api.w.org\/{rel}","templated":true}]}}