{"id":31363,"date":"2025-06-04T15:26:30","date_gmt":"2025-06-04T22:26:30","guid":{"rendered":"https:\/\/deltacontrols.wpenginepowered.com\/?post_type=product&#038;p=31363"},"modified":"2025-07-16T08:35:43","modified_gmt":"2025-07-16T15:35:43","slug":"cp-series-vfd","status":"publish","type":"product","link":"https:\/\/dev.deltacontrols.com\/es\/products\/cp-series-vfd\/","title":{"rendered":"CP Series VFD"},"content":{"rendered":"<div data-elementor-type=\"wp-post\" data-elementor-id=\"31363\" class=\"elementor elementor-31363\" data-elementor-post-type=\"product\">\n\t\t\t\t<section class=\"elementor-element elementor-element-6eba2f7 e-flex e-con-boxed e-con e-parent\" data-id=\"6eba2f7\" data-element_type=\"container\" data-e-type=\"container\">\n\t\t\t\t\t<div class=\"e-con-inner\">\n\t\t<div class=\"elementor-element elementor-element-bc59222 e-con-full e-flex e-con e-child\" data-id=\"bc59222\" data-element_type=\"container\" data-e-type=\"container\">\n\t\t<div class=\"elementor-element elementor-element-03fb685 e-con-full e-flex e-con e-child\" data-id=\"03fb685\" data-element_type=\"container\" data-e-type=\"container\">\n\t\t\t\t<div class=\"elementor-element elementor-element-0b0496a elementor-widget elementor-widget-image\" data-id=\"0b0496a\" data-element_type=\"widget\" data-e-type=\"widget\" data-widget_type=\"image.default\">\n\t\t\t\t<div class=\"elementor-widget-container\">\n\t\t\t\t\t\t\t\t\t\t\t\t\t\t\t<img fetchpriority=\"high\" decoding=\"async\" width=\"720\" height=\"405\" src=\"https:\/\/dev.deltacontrols.com\/wp-content\/uploads\/CP_Series_VFD_Top-resized.jpg\" class=\"attachment-large size-large wp-image-31716\" alt=\"\" srcset=\"https:\/\/dev.deltacontrols.com\/wp-content\/uploads\/CP_Series_VFD_Top-resized.jpg 720w, https:\/\/dev.deltacontrols.com\/wp-content\/uploads\/CP_Series_VFD_Top-resized-300x169.jpg 300w\" sizes=\"(max-width: 720px) 100vw, 720px\" \/>\t\t\t\t\t\t\t\t\t\t\t\t\t\t\t<\/div>\n\t\t\t\t<\/div>\n\t\t\t\t<\/div>\n\t\t<div class=\"elementor-element elementor-element-7608134 e-con-full e-flex e-con e-child\" data-id=\"7608134\" data-element_type=\"container\" data-e-type=\"container\">\n\t\t\t\t<div class=\"elementor-element elementor-element-7763d57 elementor-widget elementor-widget-heading\" data-id=\"7763d57\" data-element_type=\"widget\" data-e-type=\"widget\" data-widget_type=\"heading.default\">\n\t\t\t\t<div class=\"elementor-widget-container\">\n\t\t\t\t\t<h1 class=\"elementor-heading-title elementor-size-default\">CP Series VFD<\/h1>\t\t\t\t<\/div>\n\t\t\t\t<\/div>\n\t\t\t\t<div class=\"elementor-element elementor-element-2bb392e elementor-widget elementor-widget-heading\" data-id=\"2bb392e\" data-element_type=\"widget\" data-e-type=\"widget\" data-widget_type=\"heading.default\">\n\t\t\t\t<div class=\"elementor-widget-container\">\n\t\t\t\t\t<h2 class=\"elementor-heading-title elementor-size-default\">Transmisi\u00f3n de frecuencia variable integrada<\/h2>\t\t\t\t<\/div>\n\t\t\t\t<\/div>\n\t\t\t\t<div class=\"elementor-element elementor-element-5fd86cb text-list elementor-widget elementor-widget-text-editor\" data-id=\"5fd86cb\" data-element_type=\"widget\" data-e-type=\"widget\" data-widget_type=\"text-editor.default\">\n\t\t\t\t<div class=\"elementor-widget-container\">\n\t\t\t\t\t\t\t\t\t<p>La serie CP2000 de VFD se cre\u00f3 seg\u00fan exigentes est\u00e1ndares industriales. Son confiables y eficientes en cualquier aplicaci\u00f3n.<br \/>Las transmisiones CP2000 mejoran el rendimiento del motor gracias al control vectorial sin sensor (SVC) y funciones de autoajuste.<\/p>\t\t\t\t\t\t\t\t<\/div>\n\t\t\t\t<\/div>\n\t\t\t\t<\/div>\n\t\t\t\t<\/div>\n\t\t\t\t\t<\/div>\n\t\t\t\t<\/section>\n\t\t<section class=\"elementor-element elementor-element-78c0102 e-flex e-con-boxed e-con e-parent\" data-id=\"78c0102\" data-element_type=\"container\" data-e-type=\"container\">\n\t\t\t\t\t<div class=\"e-con-inner\">\n\t\t<div class=\"elementor-element elementor-element-824de20 e-con-full e-flex e-con e-child\" data-id=\"824de20\" data-element_type=\"container\" data-e-type=\"container\">\n\t\t<div class=\"elementor-element elementor-element-dad1d44 e-con-full e-flex e-con e-child\" data-id=\"dad1d44\" data-element_type=\"container\" data-e-type=\"container\">\n\t\t\t\t<div class=\"elementor-element elementor-element-4a94062 elementor-widget elementor-widget-heading\" data-id=\"4a94062\" data-element_type=\"widget\" data-e-type=\"widget\" data-widget_type=\"heading.default\">\n\t\t\t\t<div class=\"elementor-widget-container\">\n\t\t\t\t\t<h3 class=\"elementor-heading-title elementor-size-default\">Caracter\u00edsticas clave<\/h3>\t\t\t\t<\/div>\n\t\t\t\t<\/div>\n\t\t<div class=\"elementor-element elementor-element-185fc6e e-con-full e-flex e-con e-child\" data-id=\"185fc6e\" data-element_type=\"container\" data-e-type=\"container\">\n\t\t\t\t<div class=\"elementor-element elementor-element-f618cda elementor-widget elementor-widget-heading\" data-id=\"f618cda\" data-element_type=\"widget\" data-e-type=\"widget\" data-widget_type=\"heading.default\">\n\t\t\t\t<div class=\"elementor-widget-container\">\n\t\t\t\t\t<h4 class=\"elementor-heading-title elementor-size-default\">Integracja Delta Controls<\/h4>\t\t\t\t<\/div>\n\t\t\t\t<\/div>\n\t\t\t\t<div class=\"elementor-element elementor-element-ceb148b text-list elementor-widget elementor-widget-text-editor\" data-id=\"ceb148b\" data-element_type=\"widget\" data-e-type=\"widget\" data-widget_type=\"text-editor.default\">\n\t\t\t\t<div class=\"elementor-widget-container\">\n\t\t\t\t\t\t\t\t\t<p>El m\u00f3dulo de integraci\u00f3n VFD de Delta Controls convierte cada VFD en un controlador en su red. Instalaci\u00f3n e ingenier\u00eda reducidas con acceso sin precedentes a los par\u00e1metros de VFD desde enteliWEB.<\/p>\t\t\t\t\t\t\t\t<\/div>\n\t\t\t\t<\/div>\n\t\t\t\t<\/div>\n\t\t<div class=\"elementor-element elementor-element-12c8830 e-con-full e-flex e-con e-child\" data-id=\"12c8830\" data-element_type=\"container\" data-e-type=\"container\">\n\t\t\t\t<div class=\"elementor-element elementor-element-9b9da29 elementor-widget elementor-widget-heading\" data-id=\"9b9da29\" data-element_type=\"widget\" data-e-type=\"widget\" data-widget_type=\"heading.default\">\n\t\t\t\t<div class=\"elementor-widget-container\">\n\t\t\t\t\t<h4 class=\"elementor-heading-title elementor-size-default\">Derive y desconecte<\/h4>\t\t\t\t<\/div>\n\t\t\t\t<\/div>\n\t\t\t\t<div class=\"elementor-element elementor-element-3ac2936 text-list elementor-widget elementor-widget-text-editor\" data-id=\"3ac2936\" data-element_type=\"widget\" data-e-type=\"widget\" data-widget_type=\"text-editor.default\">\n\t\t\t\t<div class=\"elementor-widget-container\">\n\t\t\t\t\t\t\t\t\t<p>Hay una completa gama de paquetes de derivaci\u00f3n y desconexi\u00f3n disponibles a trav\u00e9s de Delta Controls. Compre los paquetes de VFD junto con sus controles de edificios.<\/p>\t\t\t\t\t\t\t\t<\/div>\n\t\t\t\t<\/div>\n\t\t\t\t<\/div>\n\t\t\t\t<\/div>\n\t\t<div class=\"elementor-element elementor-element-369ec56 e-con-full e-flex e-con e-child\" data-id=\"369ec56\" data-element_type=\"container\" data-e-type=\"container\">\n\t\t\t\t<div class=\"elementor-element elementor-element-8d7242e elementor-widget elementor-widget-image\" data-id=\"8d7242e\" data-element_type=\"widget\" data-e-type=\"widget\" data-widget_type=\"image.default\">\n\t\t\t\t<div class=\"elementor-widget-container\">\n\t\t\t\t\t\t\t\t\t\t\t\t\t\t\t<img decoding=\"async\" width=\"720\" height=\"405\" src=\"https:\/\/dev.deltacontrols.com\/wp-content\/uploads\/eZUPS_Bottom-resized.jpg\" class=\"attachment-large size-large wp-image-31717\" alt=\"\" srcset=\"https:\/\/dev.deltacontrols.com\/wp-content\/uploads\/eZUPS_Bottom-resized.jpg 720w, https:\/\/dev.deltacontrols.com\/wp-content\/uploads\/eZUPS_Bottom-resized-300x169.jpg 300w\" sizes=\"(max-width: 720px) 100vw, 720px\" \/>\t\t\t\t\t\t\t\t\t\t\t\t\t\t\t<\/div>\n\t\t\t\t<\/div>\n\t\t\t\t<\/div>\n\t\t\t\t<\/div>\n\t\t\t\t\t<\/div>\n\t\t\t\t<\/section>\n\t\t<div class=\"elementor-element elementor-element-244b5052 e-flex e-con-boxed e-con e-parent\" data-id=\"244b5052\" data-element_type=\"container\" data-e-type=\"container\" data-settings=\"{&quot;background_background&quot;:&quot;classic&quot;}\">\n\t\t\t\t\t<div class=\"e-con-inner\">\n\t\t<div class=\"elementor-element elementor-element-64152fdd e-con-full e-flex e-con e-child\" data-id=\"64152fdd\" data-element_type=\"container\" data-e-type=\"container\" data-settings=\"{&quot;background_background&quot;:&quot;classic&quot;}\">\n\t\t<div class=\"elementor-element elementor-element-1360bf5e e-con-full e-flex e-con e-child\" data-id=\"1360bf5e\" data-element_type=\"container\" data-e-type=\"container\">\n\t\t\t\t<div class=\"elementor-element elementor-element-bc349f7 elementor-widget elementor-widget-heading\" data-id=\"bc349f7\" data-element_type=\"widget\" data-e-type=\"widget\" data-widget_type=\"heading.default\">\n\t\t\t\t<div class=\"elementor-widget-container\">\n\t\t\t\t\t<h3 class=\"elementor-heading-title elementor-size-default\">Obtenga un acceso sin precedentes con nuestra confiable transmisi\u00f3n de frecuencia variable integrada.<\/h3>\t\t\t\t<\/div>\n\t\t\t\t<\/div>\n\t\t\t\t<div class=\"elementor-element elementor-element-4088d5b9 elementor-widget elementor-widget-text-editor\" data-id=\"4088d5b9\" data-element_type=\"widget\" data-e-type=\"widget\" data-widget_type=\"text-editor.default\">\n\t\t\t\t<div class=\"elementor-widget-container\">\n\t\t\t\t\t\t\t\t\t<p>Una computadora industrial integrada que se conecta a los Sistemas de automatizaci\u00f3n de edificios (BAS) a trav\u00e9s de los protocolos BACnet\/IP o BACnet Ethernet.<\/p>\t\t\t\t\t\t\t\t<\/div>\n\t\t\t\t<\/div>\n\t\t\t\t<\/div>\n\t\t\t\t<\/div>\n\t\t<div class=\"elementor-element elementor-element-3147ad0a e-con-full e-flex e-con e-child\" data-id=\"3147ad0a\" data-element_type=\"container\" data-e-type=\"container\" data-settings=\"{&quot;background_background&quot;:&quot;classic&quot;}\">\n\t\t\t\t<\/div>\n\t\t\t\t\t<\/div>\n\t\t\t\t<\/div>\n\t\t\t\t<\/div>","protected":false},"excerpt":{"rendered":"<p>CP Series VFD Integrated Variable Frequency Drive The CP2000 series of VFDs are built to rugged industrial standards. They are dependable and efficient in any application. CP2000 drives improve motor [&hellip;]<\/p>\n","protected":false},"featured_media":31716,"template":"","meta":{"_acf_changed":false},"product_category":[46],"product_tag":[],"class_list":["post-31363","product","type-product","status-publish","has-post-thumbnail","hentry"],"acf":{"product_spec_sheet_gallery":[32271],"has_spec_sheets":true},"yoast_head":"<!-- This site is optimized with the Yoast SEO Premium plugin v25.9 (Yoast SEO v27.3) - https:\/\/yoast.com\/product\/yoast-seo-premium-wordpress\/ -->\n<title>CP Series VFD | Delta Controls<\/title>\n<meta name=\"description\" content=\"Rugged VFDs with Sensor less Vector Control and auto-tuning for efficient motor performance in various applications.\" \/>\n<meta name=\"robots\" content=\"index, follow, max-snippet:-1, max-image-preview:large, max-video-preview:-1\" \/>\n<link rel=\"canonical\" href=\"https:\/\/dev.deltacontrols.com\/es\/product\/cp-series-vfd\/\" \/>\n<meta property=\"og:locale\" content=\"es_ES\" \/>\n<meta property=\"og:type\" content=\"article\" \/>\n<meta property=\"og:title\" content=\"CP Series VFD\" \/>\n<meta property=\"og:description\" content=\"Rugged VFDs with Sensor less Vector Control and auto-tuning for efficient motor performance in various applications.\" \/>\n<meta property=\"og:url\" content=\"https:\/\/dev.deltacontrols.com\/es\/product\/cp-series-vfd\/\" \/>\n<meta property=\"og:site_name\" content=\"Delta Intelligent Building Technologies (Canada) Inc.\" \/>\n<meta property=\"article:modified_time\" content=\"2025-07-16T15:35:43+00:00\" \/>\n<meta property=\"og:image\" content=\"https:\/\/dev.deltacontrols.com\/wp-content\/uploads\/CP_Series_VFD_Top-resized.jpg\" \/>\n\t<meta property=\"og:image:width\" content=\"720\" \/>\n\t<meta property=\"og:image:height\" content=\"405\" \/>\n\t<meta property=\"og:image:type\" content=\"image\/jpeg\" \/>\n<meta name=\"twitter:card\" content=\"summary_large_image\" \/>\n<meta name=\"twitter:site\" content=\"@deltacontrols\" \/>\n<meta name=\"twitter:label1\" content=\"Est. reading time\" \/>\n\t<meta name=\"twitter:data1\" content=\"2 minutos\" \/>\n<script type=\"application\/ld+json\" class=\"yoast-schema-graph\">{\"@context\":\"https:\\\/\\\/schema.org\",\"@graph\":[{\"@type\":\"WebPage\",\"@id\":\"https:\\\/\\\/dev.deltacontrols.com\\\/product\\\/cp-series-vfd\\\/\",\"url\":\"https:\\\/\\\/dev.deltacontrols.com\\\/product\\\/cp-series-vfd\\\/\",\"name\":\"CP Series VFD | Delta Controls\",\"isPartOf\":{\"@id\":\"https:\\\/\\\/dev.deltacontrols.com\\\/#website\"},\"primaryImageOfPage\":{\"@id\":\"https:\\\/\\\/dev.deltacontrols.com\\\/product\\\/cp-series-vfd\\\/#primaryimage\"},\"image\":{\"@id\":\"https:\\\/\\\/dev.deltacontrols.com\\\/product\\\/cp-series-vfd\\\/#primaryimage\"},\"thumbnailUrl\":\"https:\\\/\\\/dev.deltacontrols.com\\\/wp-content\\\/uploads\\\/CP_Series_VFD_Top-resized.jpg\",\"datePublished\":\"2025-06-04T22:26:30+00:00\",\"dateModified\":\"2025-07-16T15:35:43+00:00\",\"description\":\"Rugged VFDs with Sensor less Vector Control and auto-tuning for efficient motor performance in various applications.\",\"breadcrumb\":{\"@id\":\"https:\\\/\\\/dev.deltacontrols.com\\\/product\\\/cp-series-vfd\\\/#breadcrumb\"},\"inLanguage\":\"es\",\"potentialAction\":[{\"@type\":\"ReadAction\",\"target\":[\"https:\\\/\\\/dev.deltacontrols.com\\\/product\\\/cp-series-vfd\\\/\"]}]},{\"@type\":\"ImageObject\",\"inLanguage\":\"es\",\"@id\":\"https:\\\/\\\/dev.deltacontrols.com\\\/product\\\/cp-series-vfd\\\/#primaryimage\",\"url\":\"https:\\\/\\\/dev.deltacontrols.com\\\/wp-content\\\/uploads\\\/CP_Series_VFD_Top-resized.jpg\",\"contentUrl\":\"https:\\\/\\\/dev.deltacontrols.com\\\/wp-content\\\/uploads\\\/CP_Series_VFD_Top-resized.jpg\",\"width\":720,\"height\":405},{\"@type\":\"BreadcrumbList\",\"@id\":\"https:\\\/\\\/dev.deltacontrols.com\\\/product\\\/cp-series-vfd\\\/#breadcrumb\",\"itemListElement\":[{\"@type\":\"ListItem\",\"position\":1,\"name\":\"Home\",\"item\":\"https:\\\/\\\/dev.deltacontrols.com\\\/\"},{\"@type\":\"ListItem\",\"position\":2,\"name\":\"Products\",\"item\":\"https:\\\/\\\/dev.deltacontrols.com\\\/product\\\/\"},{\"@type\":\"ListItem\",\"position\":3,\"name\":\"CP Series VFD\"}]},{\"@type\":\"WebSite\",\"@id\":\"https:\\\/\\\/dev.deltacontrols.com\\\/#website\",\"url\":\"https:\\\/\\\/dev.deltacontrols.com\\\/\",\"name\":\"Delta Intelligent Building Technologies (Canada) Inc.\",\"description\":\"\",\"publisher\":{\"@id\":\"https:\\\/\\\/dev.deltacontrols.com\\\/#organization\"},\"potentialAction\":[{\"@type\":\"SearchAction\",\"target\":{\"@type\":\"EntryPoint\",\"urlTemplate\":\"https:\\\/\\\/dev.deltacontrols.com\\\/?s={search_term_string}\"},\"query-input\":{\"@type\":\"PropertyValueSpecification\",\"valueRequired\":true,\"valueName\":\"search_term_string\"}}],\"inLanguage\":\"es\"},{\"@type\":\"Organization\",\"@id\":\"https:\\\/\\\/dev.deltacontrols.com\\\/#organization\",\"name\":\"Delta Intelligent Building Technologies (Canada) Inc.\",\"url\":\"https:\\\/\\\/dev.deltacontrols.com\\\/\",\"logo\":{\"@type\":\"ImageObject\",\"inLanguage\":\"es\",\"@id\":\"https:\\\/\\\/dev.deltacontrols.com\\\/#\\\/schema\\\/logo\\\/image\\\/\",\"url\":\"https:\\\/\\\/dev.deltacontrols.com\\\/wp-content\\\/uploads\\\/Delta-Controls-Logo-2024-RGB_WhiteWithRed.png\",\"contentUrl\":\"https:\\\/\\\/dev.deltacontrols.com\\\/wp-content\\\/uploads\\\/Delta-Controls-Logo-2024-RGB_WhiteWithRed.png\",\"width\":1124,\"height\":542,\"caption\":\"Delta Intelligent Building Technologies (Canada) Inc.\"},\"image\":{\"@id\":\"https:\\\/\\\/dev.deltacontrols.com\\\/#\\\/schema\\\/logo\\\/image\\\/\"},\"sameAs\":[\"https:\\\/\\\/x.com\\\/deltacontrols\",\"https:\\\/\\\/www.linkedin.com\\\/company\\\/delta-controls\"]}]}<\/script>\n<!-- \/ Yoast SEO Premium plugin. -->","yoast_head_json":{"title":"CP Series VFD | Delta Controls","description":"Rugged VFDs with Sensor less Vector Control and auto-tuning for efficient motor performance in various applications.","robots":{"index":"index","follow":"follow","max-snippet":"max-snippet:-1","max-image-preview":"max-image-preview:large","max-video-preview":"max-video-preview:-1"},"canonical":"https:\/\/dev.deltacontrols.com\/es\/product\/cp-series-vfd\/","og_locale":"es_ES","og_type":"article","og_title":"CP Series VFD","og_description":"Rugged VFDs with Sensor less Vector Control and auto-tuning for efficient motor performance in various applications.","og_url":"https:\/\/dev.deltacontrols.com\/es\/product\/cp-series-vfd\/","og_site_name":"Delta Intelligent Building Technologies (Canada) Inc.","article_modified_time":"2025-07-16T15:35:43+00:00","og_image":[{"width":720,"height":405,"url":"https:\/\/dev.deltacontrols.com\/wp-content\/uploads\/CP_Series_VFD_Top-resized.jpg","type":"image\/jpeg"}],"twitter_card":"summary_large_image","twitter_site":"@deltacontrols","twitter_misc":{"Est. reading time":"2 minutos"},"schema":{"@context":"https:\/\/schema.org","@graph":[{"@type":"WebPage","@id":"https:\/\/dev.deltacontrols.com\/product\/cp-series-vfd\/","url":"https:\/\/dev.deltacontrols.com\/product\/cp-series-vfd\/","name":"CP Series VFD | Delta Controls","isPartOf":{"@id":"https:\/\/dev.deltacontrols.com\/#website"},"primaryImageOfPage":{"@id":"https:\/\/dev.deltacontrols.com\/product\/cp-series-vfd\/#primaryimage"},"image":{"@id":"https:\/\/dev.deltacontrols.com\/product\/cp-series-vfd\/#primaryimage"},"thumbnailUrl":"https:\/\/dev.deltacontrols.com\/wp-content\/uploads\/CP_Series_VFD_Top-resized.jpg","datePublished":"2025-06-04T22:26:30+00:00","dateModified":"2025-07-16T15:35:43+00:00","description":"Rugged VFDs with Sensor less Vector Control and auto-tuning for efficient motor performance in various applications.","breadcrumb":{"@id":"https:\/\/dev.deltacontrols.com\/product\/cp-series-vfd\/#breadcrumb"},"inLanguage":"es","potentialAction":[{"@type":"ReadAction","target":["https:\/\/dev.deltacontrols.com\/product\/cp-series-vfd\/"]}]},{"@type":"ImageObject","inLanguage":"es","@id":"https:\/\/dev.deltacontrols.com\/product\/cp-series-vfd\/#primaryimage","url":"https:\/\/dev.deltacontrols.com\/wp-content\/uploads\/CP_Series_VFD_Top-resized.jpg","contentUrl":"https:\/\/dev.deltacontrols.com\/wp-content\/uploads\/CP_Series_VFD_Top-resized.jpg","width":720,"height":405},{"@type":"BreadcrumbList","@id":"https:\/\/dev.deltacontrols.com\/product\/cp-series-vfd\/#breadcrumb","itemListElement":[{"@type":"ListItem","position":1,"name":"Home","item":"https:\/\/dev.deltacontrols.com\/"},{"@type":"ListItem","position":2,"name":"Products","item":"https:\/\/dev.deltacontrols.com\/product\/"},{"@type":"ListItem","position":3,"name":"CP Series VFD"}]},{"@type":"WebSite","@id":"https:\/\/dev.deltacontrols.com\/#website","url":"https:\/\/dev.deltacontrols.com\/","name":"Delta Intelligent Building Technologies (Canada) Inc.","description":"","publisher":{"@id":"https:\/\/dev.deltacontrols.com\/#organization"},"potentialAction":[{"@type":"SearchAction","target":{"@type":"EntryPoint","urlTemplate":"https:\/\/dev.deltacontrols.com\/?s={search_term_string}"},"query-input":{"@type":"PropertyValueSpecification","valueRequired":true,"valueName":"search_term_string"}}],"inLanguage":"es"},{"@type":"Organization","@id":"https:\/\/dev.deltacontrols.com\/#organization","name":"Delta Intelligent Building Technologies (Canada) Inc.","url":"https:\/\/dev.deltacontrols.com\/","logo":{"@type":"ImageObject","inLanguage":"es","@id":"https:\/\/dev.deltacontrols.com\/#\/schema\/logo\/image\/","url":"https:\/\/dev.deltacontrols.com\/wp-content\/uploads\/Delta-Controls-Logo-2024-RGB_WhiteWithRed.png","contentUrl":"https:\/\/dev.deltacontrols.com\/wp-content\/uploads\/Delta-Controls-Logo-2024-RGB_WhiteWithRed.png","width":1124,"height":542,"caption":"Delta Intelligent Building Technologies (Canada) Inc."},"image":{"@id":"https:\/\/dev.deltacontrols.com\/#\/schema\/logo\/image\/"},"sameAs":["https:\/\/x.com\/deltacontrols","https:\/\/www.linkedin.com\/company\/delta-controls"]}]}},"_links":{"self":[{"href":"https:\/\/dev.deltacontrols.com\/es\/wp-json\/wp\/v2\/product\/31363","targetHints":{"allow":["GET"]}}],"collection":[{"href":"https:\/\/dev.deltacontrols.com\/es\/wp-json\/wp\/v2\/product"}],"about":[{"href":"https:\/\/dev.deltacontrols.com\/es\/wp-json\/wp\/v2\/types\/product"}],"version-history":[{"count":0,"href":"https:\/\/dev.deltacontrols.com\/es\/wp-json\/wp\/v2\/product\/31363\/revisions"}],"acf:attachment":[{"embeddable":true,"href":"https:\/\/dev.deltacontrols.com\/es\/wp-json\/wp\/v2\/media\/32271"}],"wp:featuredmedia":[{"embeddable":true,"href":"https:\/\/dev.deltacontrols.com\/es\/wp-json\/wp\/v2\/media\/31716"}],"wp:attachment":[{"href":"https:\/\/dev.deltacontrols.com\/es\/wp-json\/wp\/v2\/media?parent=31363"}],"wp:term":[{"taxonomy":"product_category","embeddable":true,"href":"https:\/\/dev.deltacontrols.com\/es\/wp-json\/wp\/v2\/product_category?post=31363"},{"taxonomy":"product_tag","embeddable":true,"href":"https:\/\/dev.deltacontrols.com\/es\/wp-json\/wp\/v2\/product_tag?post=31363"}],"curies":[{"name":"wp","href":"https:\/\/api.w.org\/{rel}","templated":true}]}}