{"id":31378,"date":"2025-05-02T14:21:41","date_gmt":"2025-05-02T21:21:41","guid":{"rendered":"https:\/\/deltacontrols.wpenginepowered.com\/?post_type=product&#038;p=31378"},"modified":"2025-07-14T16:42:01","modified_gmt":"2025-07-14T23:42:01","slug":"entelivault","status":"publish","type":"product","link":"https:\/\/dev.deltacontrols.com\/fr\/products\/entelivault\/","title":{"rendered":"enteliVAULT"},"content":{"rendered":"<div data-elementor-type=\"wp-post\" data-elementor-id=\"31378\" class=\"elementor elementor-31378\" data-elementor-post-type=\"product\">\n\t\t\t\t<div class=\"elementor-element elementor-element-ed0fd31 e-flex e-con-boxed e-con e-parent\" data-id=\"ed0fd31\" data-element_type=\"container\" data-e-type=\"container\" data-settings=\"{&quot;background_background&quot;:&quot;classic&quot;}\">\n\t\t\t\t\t<div class=\"e-con-inner\">\n\t\t\t\t\t<\/div>\n\t\t\t\t<\/div>\n\t\t<section class=\"elementor-element elementor-element-6eba2f7 e-flex e-con-boxed e-con e-parent\" data-id=\"6eba2f7\" data-element_type=\"container\" data-e-type=\"container\">\n\t\t\t\t\t<div class=\"e-con-inner\">\n\t\t<div class=\"elementor-element elementor-element-bc59222 e-con-full e-flex e-con e-child\" data-id=\"bc59222\" data-element_type=\"container\" data-e-type=\"container\">\n\t\t<div class=\"elementor-element elementor-element-03fb685 e-con-full e-flex e-con e-child\" data-id=\"03fb685\" data-element_type=\"container\" data-e-type=\"container\">\n\t\t\t\t<div class=\"elementor-element elementor-element-0b0496a elementor-widget elementor-widget-image\" data-id=\"0b0496a\" data-element_type=\"widget\" data-e-type=\"widget\" data-widget_type=\"image.default\">\n\t\t\t\t<div class=\"elementor-widget-container\">\n\t\t\t\t\t\t\t\t\t\t\t\t\t\t\t<img fetchpriority=\"high\" decoding=\"async\" width=\"720\" height=\"404\" src=\"https:\/\/dev.deltacontrols.com\/wp-content\/uploads\/enteliVAULT_mgmt_scrn-resized.jpg\" class=\"attachment-large size-large wp-image-31624\" alt=\"\" srcset=\"https:\/\/dev.deltacontrols.com\/wp-content\/uploads\/enteliVAULT_mgmt_scrn-resized.jpg 720w, https:\/\/dev.deltacontrols.com\/wp-content\/uploads\/enteliVAULT_mgmt_scrn-resized-300x168.jpg 300w\" sizes=\"(max-width: 720px) 100vw, 720px\" \/>\t\t\t\t\t\t\t\t\t\t\t\t\t\t\t<\/div>\n\t\t\t\t<\/div>\n\t\t\t\t<\/div>\n\t\t<div class=\"elementor-element elementor-element-7608134 e-con-full e-flex e-con e-child\" data-id=\"7608134\" data-element_type=\"container\" data-e-type=\"container\">\n\t\t\t\t<div class=\"elementor-element elementor-element-7763d57 elementor-widget elementor-widget-heading\" data-id=\"7763d57\" data-element_type=\"widget\" data-e-type=\"widget\" data-widget_type=\"heading.default\">\n\t\t\t\t<div class=\"elementor-widget-container\">\n\t\t\t\t\t<h1 class=\"elementor-heading-title elementor-size-default\">enteliVAULT<\/h1>\t\t\t\t<\/div>\n\t\t\t\t<\/div>\n\t\t\t\t<div class=\"elementor-element elementor-element-2bb392e elementor-widget elementor-widget-heading\" data-id=\"2bb392e\" data-element_type=\"widget\" data-e-type=\"widget\" data-widget_type=\"heading.default\">\n\t\t\t\t<div class=\"elementor-widget-container\">\n\t\t\t\t\t<h2 class=\"elementor-heading-title elementor-size-default\">Archivage centralis\u00e9 de donn\u00e9es sur serveur<\/h2>\t\t\t\t<\/div>\n\t\t\t\t<\/div>\n\t\t\t\t<div class=\"elementor-element elementor-element-5fd86cb text-list elementor-widget elementor-widget-text-editor\" data-id=\"5fd86cb\" data-element_type=\"widget\" data-e-type=\"widget\" data-widget_type=\"text-editor.default\">\n\t\t\t\t<div class=\"elementor-widget-container\">\n\t\t\t\t\t\t\t\t\tenteliVAULT\u00ae est une solution d\u2019archivage sur serveur. Elle est disponible comme logiciel compagnon sous licence pour enteliCLOUD et enteliWEB. enteliVAULT est puissante, s\u00e9curis\u00e9e et facile \u00e0 configurer et \u00e0 utiliser. Elle ne n\u00e9cessite aucun mat\u00e9riel ni logiciel pour l\u2019installation ou de pare-feux pour la gestion.\t\t\t\t\t\t\t\t<\/div>\n\t\t\t\t<\/div>\n\t\t\t\t<\/div>\n\t\t\t\t<\/div>\n\t\t\t\t\t<\/div>\n\t\t\t\t<\/section>\n\t\t<section class=\"elementor-element elementor-element-78c0102 e-flex e-con-boxed e-con e-parent\" data-id=\"78c0102\" data-element_type=\"container\" data-e-type=\"container\">\n\t\t\t\t\t<div class=\"e-con-inner\">\n\t\t<div class=\"elementor-element elementor-element-824de20 e-con-full e-flex e-con e-child\" data-id=\"824de20\" data-element_type=\"container\" data-e-type=\"container\">\n\t\t<div class=\"elementor-element elementor-element-dad1d44 e-con-full e-flex e-con e-child\" data-id=\"dad1d44\" data-element_type=\"container\" data-e-type=\"container\">\n\t\t\t\t<div class=\"elementor-element elementor-element-4a94062 elementor-widget elementor-widget-heading\" data-id=\"4a94062\" data-element_type=\"widget\" data-e-type=\"widget\" data-widget_type=\"heading.default\">\n\t\t\t\t<div class=\"elementor-widget-container\">\n\t\t\t\t\t<h3 class=\"elementor-heading-title elementor-size-default\">Caract\u00e9ristiques principales<\/h3>\t\t\t\t<\/div>\n\t\t\t\t<\/div>\n\t\t<div class=\"elementor-element elementor-element-185fc6e e-con-full e-flex e-con e-child\" data-id=\"185fc6e\" data-element_type=\"container\" data-e-type=\"container\">\n\t\t\t\t<div class=\"elementor-element elementor-element-ceb148b text-list elementor-widget elementor-widget-text-editor\" data-id=\"ceb148b\" data-element_type=\"widget\" data-e-type=\"widget\" data-widget_type=\"text-editor.default\">\n\t\t\t\t<div class=\"elementor-widget-container\">\n\t\t\t\t\t\t\t\t\t<p>Elle permet le stockage d\u2019un grand nombre de donn\u00e9es dans un emplacement central, qui est facile \u00e0 g\u00e9rer.<\/p>\t\t\t\t\t\t\t\t<\/div>\n\t\t\t\t<\/div>\n\t\t\t\t<\/div>\n\t\t<div class=\"elementor-element elementor-element-a448b54 e-con-full e-flex e-con e-child\" data-id=\"a448b54\" data-element_type=\"container\" data-e-type=\"container\">\n\t\t\t\t<div class=\"elementor-element elementor-element-03328fe text-list elementor-widget elementor-widget-text-editor\" data-id=\"03328fe\" data-element_type=\"widget\" data-e-type=\"widget\" data-widget_type=\"text-editor.default\">\n\t\t\t\t<div class=\"elementor-widget-container\">\n\t\t\t\t\t\t\t\t\t<p>Int\u00e9gration avec enteliWEB et enteliCLOUD. Facile \u00e0 configurer et \u00e0 utiliser, elle ne n\u00e9cessite aucun mat\u00e9riel ni logiciel pour l\u2019installation ou de pare-feux pour la gestion. D\u00e9tecte et archive automatiquement tous les journaux de tendances sur site.<\/p>\t\t\t\t\t\t\t\t<\/div>\n\t\t\t\t<\/div>\n\t\t\t\t<\/div>\n\t\t<div class=\"elementor-element elementor-element-12c8830 e-con-full e-flex e-con e-child\" data-id=\"12c8830\" data-element_type=\"container\" data-e-type=\"container\">\n\t\t\t\t<div class=\"elementor-element elementor-element-3ac2936 text-list elementor-widget elementor-widget-text-editor\" data-id=\"3ac2936\" data-element_type=\"widget\" data-e-type=\"widget\" data-widget_type=\"text-editor.default\">\n\t\t\t\t<div class=\"elementor-widget-container\">\n\t\t\t\t\t\t\t\t\t<p>Int\u00e9gration de la gestion d\u2019\u00e9nergie. Propose des rapports li\u00e9s \u00e0 l\u2019\u00e9nergie et des donn\u00e9es de mesure archiv\u00e9es lorsque le logiciel compagnon de gestion d\u2019\u00e9nergie est activ\u00e9 dans enteliWEB.<\/p>\t\t\t\t\t\t\t\t<\/div>\n\t\t\t\t<\/div>\n\t\t\t\t<\/div>\n\t\t\t\t<\/div>\n\t\t<div class=\"elementor-element elementor-element-369ec56 e-con-full e-flex e-con e-child\" data-id=\"369ec56\" data-element_type=\"container\" data-e-type=\"container\">\n\t\t\t\t<div class=\"elementor-element elementor-element-8d7242e elementor-widget elementor-widget-image\" data-id=\"8d7242e\" data-element_type=\"widget\" data-e-type=\"widget\" data-widget_type=\"image.default\">\n\t\t\t\t<div class=\"elementor-widget-container\">\n\t\t\t\t\t\t\t\t\t\t\t\t\t\t\t<img decoding=\"async\" width=\"720\" height=\"405\" src=\"https:\/\/dev.deltacontrols.com\/wp-content\/uploads\/enteliVAULT_archive_scrn-resized.jpg\" class=\"attachment-large size-large wp-image-31623\" alt=\"\" srcset=\"https:\/\/dev.deltacontrols.com\/wp-content\/uploads\/enteliVAULT_archive_scrn-resized.jpg 720w, https:\/\/dev.deltacontrols.com\/wp-content\/uploads\/enteliVAULT_archive_scrn-resized-300x169.jpg 300w\" sizes=\"(max-width: 720px) 100vw, 720px\" \/>\t\t\t\t\t\t\t\t\t\t\t\t\t\t\t<\/div>\n\t\t\t\t<\/div>\n\t\t\t\t<\/div>\n\t\t\t\t<\/div>\n\t\t\t\t\t<\/div>\n\t\t\t\t<\/section>\n\t\t<div class=\"elementor-element elementor-element-514a0ce2 e-flex e-con-boxed e-con e-parent\" data-id=\"514a0ce2\" data-element_type=\"container\" data-e-type=\"container\" data-settings=\"{&quot;background_background&quot;:&quot;classic&quot;}\">\n\t\t\t\t\t<div class=\"e-con-inner\">\n\t\t<div class=\"elementor-element elementor-element-20c4d582 e-con-full e-flex e-con e-child\" data-id=\"20c4d582\" data-element_type=\"container\" data-e-type=\"container\" data-settings=\"{&quot;background_background&quot;:&quot;classic&quot;}\">\n\t\t<div class=\"elementor-element elementor-element-3648cb56 e-con-full e-flex e-con e-child\" data-id=\"3648cb56\" data-element_type=\"container\" data-e-type=\"container\">\n\t\t\t\t<div class=\"elementor-element elementor-element-73051577 elementor-widget elementor-widget-heading\" data-id=\"73051577\" data-element_type=\"widget\" data-e-type=\"widget\" data-widget_type=\"heading.default\">\n\t\t\t\t<div class=\"elementor-widget-container\">\n\t\t\t\t\t<h3 class=\"elementor-heading-title elementor-size-default\">Archivage des donn\u00e9es puissant et s\u00e9curis\u00e9.<\/h3>\t\t\t\t<\/div>\n\t\t\t\t<\/div>\n\t\t\t\t<\/div>\n\t\t\t\t<\/div>\n\t\t<div class=\"elementor-element elementor-element-25aa362c e-con-full e-flex e-con e-child\" data-id=\"25aa362c\" data-element_type=\"container\" data-e-type=\"container\" data-settings=\"{&quot;background_background&quot;:&quot;classic&quot;}\">\n\t\t\t\t<\/div>\n\t\t\t\t\t<\/div>\n\t\t\t\t<\/div>\n\t\t<section class=\"elementor-element elementor-element-634d2775 e-flex e-con-boxed e-con e-child\" data-id=\"634d2775\" data-element_type=\"container\" data-e-type=\"container\" data-settings=\"{&quot;background_background&quot;:&quot;classic&quot;}\">\n\t\t\t\t\t<div class=\"e-con-inner\">\n\t\t\t\t<div class=\"elementor-element elementor-element-71540e97 elementor-widget elementor-widget-shortcode\" data-id=\"71540e97\" data-element_type=\"widget\" data-e-type=\"widget\" data-widget_type=\"shortcode.default\">\n\t\t\t\t<div class=\"elementor-widget-container\">\n\t\t\t\t\t\t\t<div class=\"elementor-shortcode\"><\/div>\n\t\t\t\t\t\t<\/div>\n\t\t\t\t<\/div>\n\t\t\t\t\t<\/div>\n\t\t\t\t<\/section>\n\t\t<section class=\"elementor-element elementor-element-37bcbdcd e-flex e-con-boxed e-con e-parent\" data-id=\"37bcbdcd\" data-element_type=\"container\" data-e-type=\"container\" data-settings=\"{&quot;background_background&quot;:&quot;classic&quot;}\">\n\t\t\t\t\t<div class=\"e-con-inner\">\n\t\t<div class=\"elementor-element elementor-element-4e30cd78 e-con-full e-flex e-con e-child\" data-id=\"4e30cd78\" data-element_type=\"container\" data-e-type=\"container\">\n\t\t<div class=\"elementor-element elementor-element-10cb8129 e-con-full e-flex e-con e-child\" data-id=\"10cb8129\" data-element_type=\"container\" data-e-type=\"container\">\n\t\t\t\t<div class=\"elementor-element elementor-element-475ee781 elementor-widget elementor-widget-heading\" data-id=\"475ee781\" data-element_type=\"widget\" data-e-type=\"widget\" data-widget_type=\"heading.default\">\n\t\t\t\t<div class=\"elementor-widget-container\">\n\t\t\t\t\t<h4 class=\"elementor-heading-title elementor-size-default\">PARTAGER SUR<\/h4>\t\t\t\t<\/div>\n\t\t\t\t<\/div>\n\t\t\t\t<\/div>\n\t\t<div class=\"elementor-element elementor-element-5b159d01 e-con-full e-flex e-con e-child\" data-id=\"5b159d01\" data-element_type=\"container\" data-e-type=\"container\">\n\t\t<div class=\"elementor-element elementor-element-6e71e0a4 e-con-full e-flex e-con e-child\" data-id=\"6e71e0a4\" data-element_type=\"container\" data-e-type=\"container\">\n\t\t\t\t<div class=\"elementor-element elementor-element-7e87b0f8 elementor-align-justify main-btn elementor-widget-tablet__width-inherit elementor-widget elementor-widget-button\" data-id=\"7e87b0f8\" data-element_type=\"widget\" data-e-type=\"widget\" data-widget_type=\"button.default\">\n\t\t\t\t<div class=\"elementor-widget-container\">\n\t\t\t\t\t\t\t\t\t<div class=\"elementor-button-wrapper\">\n\t\t\t\t\t<a class=\"elementor-button elementor-button-link elementor-size-sm\" href=\"https:\/\/x.com\/deltacontrols\" target=\"_blank\">\n\t\t\t\t\t\t<span class=\"elementor-button-content-wrapper\">\n\t\t\t\t\t\t<span class=\"elementor-button-icon\">\n\t\t\t\t<svg aria-hidden=\"true\" class=\"e-font-icon-svg e-fab-x-twitter\" viewbox=\"0 0 512 512\" xmlns=\"http:\/\/www.w3.org\/2000\/svg\"><path d=\"M389.2 48h70.6L305.6 224.2 487 464H345L233.7 318.6 106.5 464H35.8L200.7 275.5 26.8 48H172.4L272.9 180.9 389.2 48zM364.4 421.8h39.1L151.1 88h-42L364.4 421.8z\"><\/path><\/svg>\t\t\t<\/span>\n\t\t\t\t\t\t\t\t<\/span>\n\t\t\t\t\t<\/a>\n\t\t\t\t<\/div>\n\t\t\t\t\t\t\t\t<\/div>\n\t\t\t\t<\/div>\n\t\t\t\t<\/div>\n\t\t<div class=\"elementor-element elementor-element-1c2c6a75 e-con-full e-flex e-con e-child\" data-id=\"1c2c6a75\" data-element_type=\"container\" data-e-type=\"container\">\n\t\t\t\t<div class=\"elementor-element elementor-element-16401481 elementor-align-justify main-btn elementor-widget elementor-widget-button\" data-id=\"16401481\" data-element_type=\"widget\" data-e-type=\"widget\" data-widget_type=\"button.default\">\n\t\t\t\t<div class=\"elementor-widget-container\">\n\t\t\t\t\t\t\t\t\t<div class=\"elementor-button-wrapper\">\n\t\t\t\t\t<a class=\"elementor-button elementor-button-link elementor-size-sm\" href=\"https:\/\/www.linkedin.com\/company\/delta-controls\" target=\"_blank\">\n\t\t\t\t\t\t<span class=\"elementor-button-content-wrapper\">\n\t\t\t\t\t\t<span class=\"elementor-button-icon\">\n\t\t\t\t<svg aria-hidden=\"true\" class=\"e-font-icon-svg e-fab-linkedin-in\" viewbox=\"0 0 448 512\" xmlns=\"http:\/\/www.w3.org\/2000\/svg\"><path d=\"M100.28 448H7.4V148.9h92.88zM53.79 108.1C24.09 108.1 0 83.5 0 53.8a53.79 53.79 0 0 1 107.58 0c0 29.7-24.1 54.3-53.79 54.3zM447.9 448h-92.68V302.4c0-34.7-.7-79.2-48.29-79.2-48.29 0-55.69 37.7-55.69 76.7V448h-92.78V148.9h89.08v40.8h1.3c12.4-23.5 42.69-48.3 87.88-48.3 94 0 111.28 61.9 111.28 142.3V448z\"><\/path><\/svg>\t\t\t<\/span>\n\t\t\t\t\t\t\t\t<\/span>\n\t\t\t\t\t<\/a>\n\t\t\t\t<\/div>\n\t\t\t\t\t\t\t\t<\/div>\n\t\t\t\t<\/div>\n\t\t\t\t<\/div>\n\t\t\t\t<\/div>\n\t\t\t\t<\/div>\n\t\t\t\t\t<\/div>\n\t\t\t\t<\/section>\n\t\t\t\t<\/div>","protected":false},"excerpt":{"rendered":"<p>enteliVAULT Server Based Centralized Data Archiving enteliVAULT\u00ae is a server-based archiving solution that is available as a license add-on for enteliCLOUD and enteliWEB enteliVAULT is powerful, secure, and easy to [&hellip;]<\/p>\n","protected":false},"featured_media":31978,"template":"elementor_header_footer","meta":{"_acf_changed":false},"product_category":[39],"product_tag":[49],"class_list":["post-31378","product","type-product","status-publish","has-post-thumbnail","hentry"],"acf":{"product_spec_sheet_gallery":[31621,31620],"has_spec_sheets":true},"yoast_head":"<!-- This site is optimized with the Yoast SEO Premium plugin v25.9 (Yoast SEO v27.3) - https:\/\/yoast.com\/product\/yoast-seo-premium-wordpress\/ -->\n<title>enteliVAULT | Delta Controls<\/title>\n<meta name=\"description\" content=\"Secure, server-based storage for enteliCLOUD and enteliWEB. Archive building data efficiently without extra hardware.\" \/>\n<meta name=\"robots\" content=\"index, follow, max-snippet:-1, max-image-preview:large, max-video-preview:-1\" \/>\n<link rel=\"canonical\" href=\"https:\/\/dev.deltacontrols.com\/fr\/product\/entelivault\/\" \/>\n<meta property=\"og:locale\" content=\"fr_FR\" \/>\n<meta property=\"og:type\" content=\"article\" \/>\n<meta property=\"og:title\" content=\"enteliVAULT\" \/>\n<meta property=\"og:description\" content=\"Secure, server-based storage for enteliCLOUD and enteliWEB. Archive building data efficiently without extra hardware.\" \/>\n<meta property=\"og:url\" content=\"https:\/\/dev.deltacontrols.com\/fr\/product\/entelivault\/\" \/>\n<meta property=\"og:site_name\" content=\"Delta Intelligent Building Technologies (Canada) Inc.\" \/>\n<meta property=\"article:modified_time\" content=\"2025-07-14T23:42:01+00:00\" \/>\n<meta property=\"og:image\" content=\"https:\/\/dev.deltacontrols.com\/wp-content\/uploads\/eVAULT_Products_Thumb_resized.jpg\" \/>\n\t<meta property=\"og:image:width\" content=\"719\" \/>\n\t<meta property=\"og:image:height\" content=\"405\" \/>\n\t<meta property=\"og:image:type\" content=\"image\/jpeg\" \/>\n<meta name=\"twitter:card\" content=\"summary_large_image\" \/>\n<meta name=\"twitter:site\" content=\"@deltacontrols\" \/>\n<meta name=\"twitter:label1\" content=\"Est. reading time\" \/>\n\t<meta name=\"twitter:data1\" content=\"1 minute\" \/>\n<script type=\"application\/ld+json\" class=\"yoast-schema-graph\">{\"@context\":\"https:\\\/\\\/schema.org\",\"@graph\":[{\"@type\":\"WebPage\",\"@id\":\"https:\\\/\\\/dev.deltacontrols.com\\\/product\\\/entelivault\\\/\",\"url\":\"https:\\\/\\\/dev.deltacontrols.com\\\/product\\\/entelivault\\\/\",\"name\":\"enteliVAULT | Delta Controls\",\"isPartOf\":{\"@id\":\"https:\\\/\\\/dev.deltacontrols.com\\\/#website\"},\"primaryImageOfPage\":{\"@id\":\"https:\\\/\\\/dev.deltacontrols.com\\\/product\\\/entelivault\\\/#primaryimage\"},\"image\":{\"@id\":\"https:\\\/\\\/dev.deltacontrols.com\\\/product\\\/entelivault\\\/#primaryimage\"},\"thumbnailUrl\":\"https:\\\/\\\/dev.deltacontrols.com\\\/wp-content\\\/uploads\\\/eVAULT_Products_Thumb_resized.jpg\",\"datePublished\":\"2025-05-02T21:21:41+00:00\",\"dateModified\":\"2025-07-14T23:42:01+00:00\",\"description\":\"Secure, server-based storage for enteliCLOUD and enteliWEB. Archive building data efficiently without extra hardware.\",\"breadcrumb\":{\"@id\":\"https:\\\/\\\/dev.deltacontrols.com\\\/product\\\/entelivault\\\/#breadcrumb\"},\"inLanguage\":\"fr-FR\",\"potentialAction\":[{\"@type\":\"ReadAction\",\"target\":[\"https:\\\/\\\/dev.deltacontrols.com\\\/product\\\/entelivault\\\/\"]}]},{\"@type\":\"ImageObject\",\"inLanguage\":\"fr-FR\",\"@id\":\"https:\\\/\\\/dev.deltacontrols.com\\\/product\\\/entelivault\\\/#primaryimage\",\"url\":\"https:\\\/\\\/dev.deltacontrols.com\\\/wp-content\\\/uploads\\\/eVAULT_Products_Thumb_resized.jpg\",\"contentUrl\":\"https:\\\/\\\/dev.deltacontrols.com\\\/wp-content\\\/uploads\\\/eVAULT_Products_Thumb_resized.jpg\",\"width\":719,\"height\":405},{\"@type\":\"BreadcrumbList\",\"@id\":\"https:\\\/\\\/dev.deltacontrols.com\\\/product\\\/entelivault\\\/#breadcrumb\",\"itemListElement\":[{\"@type\":\"ListItem\",\"position\":1,\"name\":\"Home\",\"item\":\"https:\\\/\\\/dev.deltacontrols.com\\\/\"},{\"@type\":\"ListItem\",\"position\":2,\"name\":\"Products\",\"item\":\"https:\\\/\\\/dev.deltacontrols.com\\\/product\\\/\"},{\"@type\":\"ListItem\",\"position\":3,\"name\":\"enteliVAULT\"}]},{\"@type\":\"WebSite\",\"@id\":\"https:\\\/\\\/dev.deltacontrols.com\\\/#website\",\"url\":\"https:\\\/\\\/dev.deltacontrols.com\\\/\",\"name\":\"Delta Intelligent Building Technologies (Canada) Inc.\",\"description\":\"\",\"publisher\":{\"@id\":\"https:\\\/\\\/dev.deltacontrols.com\\\/#organization\"},\"potentialAction\":[{\"@type\":\"SearchAction\",\"target\":{\"@type\":\"EntryPoint\",\"urlTemplate\":\"https:\\\/\\\/dev.deltacontrols.com\\\/?s={search_term_string}\"},\"query-input\":{\"@type\":\"PropertyValueSpecification\",\"valueRequired\":true,\"valueName\":\"search_term_string\"}}],\"inLanguage\":\"fr-FR\"},{\"@type\":\"Organization\",\"@id\":\"https:\\\/\\\/dev.deltacontrols.com\\\/#organization\",\"name\":\"Delta Intelligent Building Technologies (Canada) Inc.\",\"url\":\"https:\\\/\\\/dev.deltacontrols.com\\\/\",\"logo\":{\"@type\":\"ImageObject\",\"inLanguage\":\"fr-FR\",\"@id\":\"https:\\\/\\\/dev.deltacontrols.com\\\/#\\\/schema\\\/logo\\\/image\\\/\",\"url\":\"https:\\\/\\\/dev.deltacontrols.com\\\/wp-content\\\/uploads\\\/Delta-Controls-Logo-2024-RGB_WhiteWithRed.png\",\"contentUrl\":\"https:\\\/\\\/dev.deltacontrols.com\\\/wp-content\\\/uploads\\\/Delta-Controls-Logo-2024-RGB_WhiteWithRed.png\",\"width\":1124,\"height\":542,\"caption\":\"Delta Intelligent Building Technologies (Canada) Inc.\"},\"image\":{\"@id\":\"https:\\\/\\\/dev.deltacontrols.com\\\/#\\\/schema\\\/logo\\\/image\\\/\"},\"sameAs\":[\"https:\\\/\\\/x.com\\\/deltacontrols\",\"https:\\\/\\\/www.linkedin.com\\\/company\\\/delta-controls\"]}]}<\/script>\n<!-- \/ Yoast SEO Premium plugin. -->","yoast_head_json":{"title":"enteliVAULT | Delta Controls","description":"Secure, server-based storage for enteliCLOUD and enteliWEB. Archive building data efficiently without extra hardware.","robots":{"index":"index","follow":"follow","max-snippet":"max-snippet:-1","max-image-preview":"max-image-preview:large","max-video-preview":"max-video-preview:-1"},"canonical":"https:\/\/dev.deltacontrols.com\/fr\/product\/entelivault\/","og_locale":"fr_FR","og_type":"article","og_title":"enteliVAULT","og_description":"Secure, server-based storage for enteliCLOUD and enteliWEB. Archive building data efficiently without extra hardware.","og_url":"https:\/\/dev.deltacontrols.com\/fr\/product\/entelivault\/","og_site_name":"Delta Intelligent Building Technologies (Canada) Inc.","article_modified_time":"2025-07-14T23:42:01+00:00","og_image":[{"width":719,"height":405,"url":"https:\/\/dev.deltacontrols.com\/wp-content\/uploads\/eVAULT_Products_Thumb_resized.jpg","type":"image\/jpeg"}],"twitter_card":"summary_large_image","twitter_site":"@deltacontrols","twitter_misc":{"Est. reading time":"1 minute"},"schema":{"@context":"https:\/\/schema.org","@graph":[{"@type":"WebPage","@id":"https:\/\/dev.deltacontrols.com\/product\/entelivault\/","url":"https:\/\/dev.deltacontrols.com\/product\/entelivault\/","name":"enteliVAULT | Delta Controls","isPartOf":{"@id":"https:\/\/dev.deltacontrols.com\/#website"},"primaryImageOfPage":{"@id":"https:\/\/dev.deltacontrols.com\/product\/entelivault\/#primaryimage"},"image":{"@id":"https:\/\/dev.deltacontrols.com\/product\/entelivault\/#primaryimage"},"thumbnailUrl":"https:\/\/dev.deltacontrols.com\/wp-content\/uploads\/eVAULT_Products_Thumb_resized.jpg","datePublished":"2025-05-02T21:21:41+00:00","dateModified":"2025-07-14T23:42:01+00:00","description":"Secure, server-based storage for enteliCLOUD and enteliWEB. Archive building data efficiently without extra hardware.","breadcrumb":{"@id":"https:\/\/dev.deltacontrols.com\/product\/entelivault\/#breadcrumb"},"inLanguage":"fr-FR","potentialAction":[{"@type":"ReadAction","target":["https:\/\/dev.deltacontrols.com\/product\/entelivault\/"]}]},{"@type":"ImageObject","inLanguage":"fr-FR","@id":"https:\/\/dev.deltacontrols.com\/product\/entelivault\/#primaryimage","url":"https:\/\/dev.deltacontrols.com\/wp-content\/uploads\/eVAULT_Products_Thumb_resized.jpg","contentUrl":"https:\/\/dev.deltacontrols.com\/wp-content\/uploads\/eVAULT_Products_Thumb_resized.jpg","width":719,"height":405},{"@type":"BreadcrumbList","@id":"https:\/\/dev.deltacontrols.com\/product\/entelivault\/#breadcrumb","itemListElement":[{"@type":"ListItem","position":1,"name":"Home","item":"https:\/\/dev.deltacontrols.com\/"},{"@type":"ListItem","position":2,"name":"Products","item":"https:\/\/dev.deltacontrols.com\/product\/"},{"@type":"ListItem","position":3,"name":"enteliVAULT"}]},{"@type":"WebSite","@id":"https:\/\/dev.deltacontrols.com\/#website","url":"https:\/\/dev.deltacontrols.com\/","name":"Delta Intelligent Building Technologies (Canada) Inc.","description":"","publisher":{"@id":"https:\/\/dev.deltacontrols.com\/#organization"},"potentialAction":[{"@type":"SearchAction","target":{"@type":"EntryPoint","urlTemplate":"https:\/\/dev.deltacontrols.com\/?s={search_term_string}"},"query-input":{"@type":"PropertyValueSpecification","valueRequired":true,"valueName":"search_term_string"}}],"inLanguage":"fr-FR"},{"@type":"Organization","@id":"https:\/\/dev.deltacontrols.com\/#organization","name":"Delta Intelligent Building Technologies (Canada) Inc.","url":"https:\/\/dev.deltacontrols.com\/","logo":{"@type":"ImageObject","inLanguage":"fr-FR","@id":"https:\/\/dev.deltacontrols.com\/#\/schema\/logo\/image\/","url":"https:\/\/dev.deltacontrols.com\/wp-content\/uploads\/Delta-Controls-Logo-2024-RGB_WhiteWithRed.png","contentUrl":"https:\/\/dev.deltacontrols.com\/wp-content\/uploads\/Delta-Controls-Logo-2024-RGB_WhiteWithRed.png","width":1124,"height":542,"caption":"Delta Intelligent Building Technologies (Canada) Inc."},"image":{"@id":"https:\/\/dev.deltacontrols.com\/#\/schema\/logo\/image\/"},"sameAs":["https:\/\/x.com\/deltacontrols","https:\/\/www.linkedin.com\/company\/delta-controls"]}]}},"_links":{"self":[{"href":"https:\/\/dev.deltacontrols.com\/fr\/wp-json\/wp\/v2\/product\/31378","targetHints":{"allow":["GET"]}}],"collection":[{"href":"https:\/\/dev.deltacontrols.com\/fr\/wp-json\/wp\/v2\/product"}],"about":[{"href":"https:\/\/dev.deltacontrols.com\/fr\/wp-json\/wp\/v2\/types\/product"}],"version-history":[{"count":0,"href":"https:\/\/dev.deltacontrols.com\/fr\/wp-json\/wp\/v2\/product\/31378\/revisions"}],"acf:attachment":[{"embeddable":true,"href":"https:\/\/dev.deltacontrols.com\/fr\/wp-json\/wp\/v2\/media\/31620"},{"embeddable":true,"href":"https:\/\/dev.deltacontrols.com\/fr\/wp-json\/wp\/v2\/media\/31621"}],"wp:featuredmedia":[{"embeddable":true,"href":"https:\/\/dev.deltacontrols.com\/fr\/wp-json\/wp\/v2\/media\/31978"}],"wp:attachment":[{"href":"https:\/\/dev.deltacontrols.com\/fr\/wp-json\/wp\/v2\/media?parent=31378"}],"wp:term":[{"taxonomy":"product_category","embeddable":true,"href":"https:\/\/dev.deltacontrols.com\/fr\/wp-json\/wp\/v2\/product_category?post=31378"},{"taxonomy":"product_tag","embeddable":true,"href":"https:\/\/dev.deltacontrols.com\/fr\/wp-json\/wp\/v2\/product_tag?post=31378"}],"curies":[{"name":"wp","href":"https:\/\/api.w.org\/{rel}","templated":true}]}}