{"id":31384,"date":"2025-06-04T14:56:45","date_gmt":"2025-06-04T21:56:45","guid":{"rendered":"https:\/\/deltacontrols.wpenginepowered.com\/?post_type=product&#038;p=31384"},"modified":"2025-07-14T22:27:48","modified_gmt":"2025-07-15T05:27:48","slug":"eznt-wi","status":"publish","type":"product","link":"https:\/\/dev.deltacontrols.com\/fr\/products\/eznt-wi\/","title":{"rendered":"eZNT-Wi"},"content":{"rendered":"<div data-elementor-type=\"wp-post\" data-elementor-id=\"31384\" class=\"elementor elementor-31384\" data-elementor-post-type=\"product\">\n\t\t\t\t<section class=\"elementor-element elementor-element-6eba2f7 e-flex e-con-boxed e-con e-parent\" data-id=\"6eba2f7\" data-element_type=\"container\" data-e-type=\"container\">\n\t\t\t\t\t<div class=\"e-con-inner\">\n\t\t<div class=\"elementor-element elementor-element-bc59222 e-con-full e-flex e-con e-child\" data-id=\"bc59222\" data-element_type=\"container\" data-e-type=\"container\">\n\t\t<div class=\"elementor-element elementor-element-03fb685 e-con-full e-flex e-con e-child\" data-id=\"03fb685\" data-element_type=\"container\" data-e-type=\"container\">\n\t\t\t\t<div class=\"elementor-element elementor-element-0b0496a elementor-widget elementor-widget-image\" data-id=\"0b0496a\" data-element_type=\"widget\" data-e-type=\"widget\" data-widget_type=\"image.default\">\n\t\t\t\t<div class=\"elementor-widget-container\">\n\t\t\t\t\t\t\t\t\t\t\t\t\t\t\t<img fetchpriority=\"high\" decoding=\"async\" width=\"720\" height=\"405\" src=\"https:\/\/dev.deltacontrols.com\/wp-content\/uploads\/eZNT-Wi-logo-resized.jpg\" class=\"attachment-large size-large wp-image-31706\" alt=\"\" srcset=\"https:\/\/dev.deltacontrols.com\/wp-content\/uploads\/eZNT-Wi-logo-resized.jpg 720w, https:\/\/dev.deltacontrols.com\/wp-content\/uploads\/eZNT-Wi-logo-resized-300x169.jpg 300w\" sizes=\"(max-width: 720px) 100vw, 720px\" \/>\t\t\t\t\t\t\t\t\t\t\t\t\t\t\t<\/div>\n\t\t\t\t<\/div>\n\t\t\t\t<\/div>\n\t\t<div class=\"elementor-element elementor-element-7608134 e-con-full e-flex e-con e-child\" data-id=\"7608134\" data-element_type=\"container\" data-e-type=\"container\">\n\t\t\t\t<div class=\"elementor-element elementor-element-7763d57 elementor-widget elementor-widget-heading\" data-id=\"7763d57\" data-element_type=\"widget\" data-e-type=\"widget\" data-widget_type=\"heading.default\">\n\t\t\t\t<div class=\"elementor-widget-container\">\n\t\t\t\t\t<h1 class=\"elementor-heading-title elementor-size-default\">eZNT-Wi<\/h1>\t\t\t\t<\/div>\n\t\t\t\t<\/div>\n\t\t\t\t<div class=\"elementor-element elementor-element-2bb392e elementor-widget elementor-widget-heading\" data-id=\"2bb392e\" data-element_type=\"widget\" data-e-type=\"widget\" data-widget_type=\"heading.default\">\n\t\t\t\t<div class=\"elementor-widget-container\">\n\t\t\t\t\t<h2 class=\"elementor-heading-title elementor-size-default\">Thermostat BACnet sans fil<\/h2>\t\t\t\t<\/div>\n\t\t\t\t<\/div>\n\t\t\t\t<div class=\"elementor-element elementor-element-5fd86cb text-list elementor-widget elementor-widget-text-editor\" data-id=\"5fd86cb\" data-element_type=\"widget\" data-e-type=\"widget\" data-widget_type=\"text-editor.default\">\n\t\t\t\t<div class=\"elementor-widget-container\">\n\t\t\t\t\t\t\t\t\t<p>L'eZNT-Wi est un thermostat en r\u00e9seau Wi-Fi combinant des capteurs int\u00e9gr\u00e9s dans un contr\u00f4leur enti\u00e8rement programmable. Le contr\u00f4leur est \u00e9quip\u00e9 de trois entr\u00e9es universelles et de quatre sorties binaires, ou de trois sorties analogiques et d'une sortie binaire. Les options de capteurs embarqu\u00e9s comprennent des capteurs d'humidit\u00e9 et de CO2 ainsi que des d\u00e9tecteurs d'occupation. Des interfaces de boutons personnalisables permettent au thermostat install\u00e9 sur le mur de s'agencer au d\u00e9cor et \u00e0 l'image de marque du client. L'interface tactile ACL intuitive comporte un r\u00e9tro\u00e9clairage offert en plusieurs couleurs diff\u00e9rentes permettant \u00e0 l'utilisateur d'\u00e9mettre des r\u00e9troactions suppl\u00e9mentaires ayant un attrait esth\u00e9tique.<\/p>\t\t\t\t\t\t\t\t<\/div>\n\t\t\t\t<\/div>\n\t\t\t\t<\/div>\n\t\t\t\t<\/div>\n\t\t\t\t\t<\/div>\n\t\t\t\t<\/section>\n\t\t<section class=\"elementor-element elementor-element-78c0102 e-flex e-con-boxed e-con e-parent\" data-id=\"78c0102\" data-element_type=\"container\" data-e-type=\"container\">\n\t\t\t\t\t<div class=\"e-con-inner\">\n\t\t<div class=\"elementor-element elementor-element-824de20 e-con-full e-flex e-con e-child\" data-id=\"824de20\" data-element_type=\"container\" data-e-type=\"container\">\n\t\t<div class=\"elementor-element elementor-element-dad1d44 e-con-full e-flex e-con e-child\" data-id=\"dad1d44\" data-element_type=\"container\" data-e-type=\"container\">\n\t\t\t\t<div class=\"elementor-element elementor-element-4a94062 elementor-widget elementor-widget-heading\" data-id=\"4a94062\" data-element_type=\"widget\" data-e-type=\"widget\" data-widget_type=\"heading.default\">\n\t\t\t\t<div class=\"elementor-widget-container\">\n\t\t\t\t\t<h3 class=\"elementor-heading-title elementor-size-default\">Caract\u00e9ristiques principales<\/h3>\t\t\t\t<\/div>\n\t\t\t\t<\/div>\n\t\t<div class=\"elementor-element elementor-element-185fc6e e-con-full e-flex e-con e-child\" data-id=\"185fc6e\" data-element_type=\"container\" data-e-type=\"container\">\n\t\t\t\t<div class=\"elementor-element elementor-element-f618cda elementor-widget elementor-widget-heading\" data-id=\"f618cda\" data-element_type=\"widget\" data-e-type=\"widget\" data-widget_type=\"heading.default\">\n\t\t\t\t<div class=\"elementor-widget-container\">\n\t\t\t\t\t<h4 class=\"elementor-heading-title elementor-size-default\">BACnet\u00ae\/IP par Wi-Fi<\/h4>\t\t\t\t<\/div>\n\t\t\t\t<\/div>\n\t\t\t\t<div class=\"elementor-element elementor-element-ceb148b text-list elementor-widget elementor-widget-text-editor\" data-id=\"ceb148b\" data-element_type=\"widget\" data-e-type=\"widget\" data-widget_type=\"text-editor.default\">\n\t\t\t\t<div class=\"elementor-widget-container\">\n\t\t\t\t\t\t\t\t\t<p>Convertissez les thermostats non communicants d\u00e9j\u00e0 en place afin de prendre des d\u00e9cisions intelligentes en mati\u00e8re de gestion\u200b\u200b\u200b\u200b d'\u00e9nergie.<\/p>\t\t\t\t\t\t\t\t<\/div>\n\t\t\t\t<\/div>\n\t\t\t\t<\/div>\n\t\t<div class=\"elementor-element elementor-element-9bda490 e-con-full e-flex e-con e-child\" data-id=\"9bda490\" data-element_type=\"container\" data-e-type=\"container\">\n\t\t\t\t<div class=\"elementor-element elementor-element-e0a28a9 elementor-widget elementor-widget-heading\" data-id=\"e0a28a9\" data-element_type=\"widget\" data-e-type=\"widget\" data-widget_type=\"heading.default\">\n\t\t\t\t<div class=\"elementor-widget-container\">\n\t\t\t\t\t<h4 class=\"elementor-heading-title elementor-size-default\">Communications Delta LINKnet<\/h4>\t\t\t\t<\/div>\n\t\t\t\t<\/div>\n\t\t\t\t<div class=\"elementor-element elementor-element-53a3445 text-list elementor-widget elementor-widget-text-editor\" data-id=\"53a3445\" data-element_type=\"widget\" data-e-type=\"widget\" data-widget_type=\"text-editor.default\">\n\t\t\t\t<div class=\"elementor-widget-container\">\n\t\t\t\t\t\t\t\t\t<p>Options E\/S \u00e9volutives<\/p>\t\t\t\t\t\t\t\t<\/div>\n\t\t\t\t<\/div>\n\t\t\t\t<\/div>\n\t\t<div class=\"elementor-element elementor-element-dcbc426 e-con-full e-flex e-con e-child\" data-id=\"dcbc426\" data-element_type=\"container\" data-e-type=\"container\">\n\t\t\t\t<div class=\"elementor-element elementor-element-706597e elementor-widget elementor-widget-heading\" data-id=\"706597e\" data-element_type=\"widget\" data-e-type=\"widget\" data-widget_type=\"heading.default\">\n\t\t\t\t<div class=\"elementor-widget-container\">\n\t\t\t\t\t<h4 class=\"elementor-heading-title elementor-size-default\">Flexibilit\u00e9<\/h4>\t\t\t\t<\/div>\n\t\t\t\t<\/div>\n\t\t\t\t<div class=\"elementor-element elementor-element-2e497d0 text-list elementor-widget elementor-widget-text-editor\" data-id=\"2e497d0\" data-element_type=\"widget\" data-e-type=\"widget\" data-widget_type=\"text-editor.default\">\n\t\t\t\t<div class=\"elementor-widget-container\">\n\t\t\t\t\t\t\t\t\t<p>Cr\u00e9ez des s\u00e9quences personnalis\u00e9es gr\u00e2ce \u00e0 la programmation GCL+. Utilisez la planification, les tendances et les alarmes locales pour configurer et surveiller votre zone.<\/p>\t\t\t\t\t\t\t\t<\/div>\n\t\t\t\t<\/div>\n\t\t\t\t<\/div>\n\t\t<div class=\"elementor-element elementor-element-704c540 e-con-full e-flex e-con e-child\" data-id=\"704c540\" data-element_type=\"container\" data-e-type=\"container\">\n\t\t\t\t<div class=\"elementor-element elementor-element-0fe4e87 elementor-widget elementor-widget-heading\" data-id=\"0fe4e87\" data-element_type=\"widget\" data-e-type=\"widget\" data-widget_type=\"heading.default\">\n\t\t\t\t<div class=\"elementor-widget-container\">\n\t\t\t\t\t<h4 class=\"elementor-heading-title elementor-size-default\">R\u00e9tro\u00e9clairage RVB standard<\/h4>\t\t\t\t<\/div>\n\t\t\t\t<\/div>\n\t\t\t\t<div class=\"elementor-element elementor-element-b62c519 text-list elementor-widget elementor-widget-text-editor\" data-id=\"b62c519\" data-element_type=\"widget\" data-e-type=\"widget\" data-widget_type=\"text-editor.default\">\n\t\t\t\t<div class=\"elementor-widget-container\">\n\t\t\t\t\t\t\t\t\t<p>Permet un choix de couleurs pour indiquer les conditions, les alarmes et le mode de nuit.<\/p>\t\t\t\t\t\t\t\t<\/div>\n\t\t\t\t<\/div>\n\t\t\t\t<\/div>\n\t\t<div class=\"elementor-element elementor-element-12c8830 e-con-full e-flex e-con e-child\" data-id=\"12c8830\" data-element_type=\"container\" data-e-type=\"container\">\n\t\t\t\t<div class=\"elementor-element elementor-element-9b9da29 elementor-widget elementor-widget-heading\" data-id=\"9b9da29\" data-element_type=\"widget\" data-e-type=\"widget\" data-widget_type=\"heading.default\">\n\t\t\t\t<div class=\"elementor-widget-container\">\n\t\t\t\t\t<h4 class=\"elementor-heading-title elementor-size-default\">\u00c9cran ACL<\/h4>\t\t\t\t<\/div>\n\t\t\t\t<\/div>\n\t\t\t\t<div class=\"elementor-element elementor-element-3ac2936 text-list elementor-widget elementor-widget-text-editor\" data-id=\"3ac2936\" data-element_type=\"widget\" data-e-type=\"widget\" data-widget_type=\"text-editor.default\">\n\t\t\t\t<div class=\"elementor-widget-container\">\n\t\t\t\t\t\t\t\t\t<p>\u00c9cran de grande taille facile \u00e0 lire permettant une r\u00e9troaction visuelle directement sur l'\u00e9cran au moyen d'un choix de boutons.<\/p>\t\t\t\t\t\t\t\t<\/div>\n\t\t\t\t<\/div>\n\t\t\t\t<\/div>\n\t\t\t\t<\/div>\n\t\t<div class=\"elementor-element elementor-element-369ec56 e-con-full e-flex e-con e-child\" data-id=\"369ec56\" data-element_type=\"container\" data-e-type=\"container\">\n\t\t\t\t<div class=\"elementor-element elementor-element-8d7242e elementor-widget elementor-widget-image\" data-id=\"8d7242e\" data-element_type=\"widget\" data-e-type=\"widget\" data-widget_type=\"image.default\">\n\t\t\t\t<div class=\"elementor-widget-container\">\n\t\t\t\t\t\t\t\t\t\t\t\t\t\t\t<img decoding=\"async\" width=\"720\" height=\"405\" src=\"https:\/\/dev.deltacontrols.com\/wp-content\/uploads\/eZNT-WiFi_Flyer-Image-resized.jpg\" class=\"attachment-large size-large wp-image-31705\" alt=\"\" srcset=\"https:\/\/dev.deltacontrols.com\/wp-content\/uploads\/eZNT-WiFi_Flyer-Image-resized.jpg 720w, https:\/\/dev.deltacontrols.com\/wp-content\/uploads\/eZNT-WiFi_Flyer-Image-resized-300x169.jpg 300w\" sizes=\"(max-width: 720px) 100vw, 720px\" \/>\t\t\t\t\t\t\t\t\t\t\t\t\t\t\t<\/div>\n\t\t\t\t<\/div>\n\t\t\t\t<\/div>\n\t\t\t\t<\/div>\n\t\t\t\t\t<\/div>\n\t\t\t\t<\/section>\n\t\t<div class=\"elementor-element elementor-element-9107830 e-flex e-con-boxed e-con e-parent\" data-id=\"9107830\" data-element_type=\"container\" data-e-type=\"container\" data-settings=\"{&quot;background_background&quot;:&quot;classic&quot;}\">\n\t\t\t\t\t<div class=\"e-con-inner\">\n\t\t<div class=\"elementor-element elementor-element-4f5a1f10 e-con-full e-flex e-con e-child\" data-id=\"4f5a1f10\" data-element_type=\"container\" data-e-type=\"container\" data-settings=\"{&quot;background_background&quot;:&quot;classic&quot;}\">\n\t\t<div class=\"elementor-element elementor-element-3389bf5d e-con-full e-flex e-con e-child\" data-id=\"3389bf5d\" data-element_type=\"container\" data-e-type=\"container\">\n\t\t\t\t<div class=\"elementor-element elementor-element-6c9b489b elementor-widget elementor-widget-heading\" data-id=\"6c9b489b\" data-element_type=\"widget\" data-e-type=\"widget\" data-widget_type=\"heading.default\">\n\t\t\t\t<div class=\"elementor-widget-container\">\n\t\t\t\t\t<h3 class=\"elementor-heading-title elementor-size-default\">Maximisez vos \u00e9conomies d\u2019\u00e9nergie sans sacrifier le confort des utilisateurs<\/h3>\t\t\t\t<\/div>\n\t\t\t\t<\/div>\n\t\t\t\t<div class=\"elementor-element elementor-element-71cce366 elementor-widget elementor-widget-text-editor\" data-id=\"71cce366\" data-element_type=\"widget\" data-e-type=\"widget\" data-widget_type=\"text-editor.default\">\n\t\t\t\t<div class=\"elementor-widget-container\">\n\t\t\t\t\t\t\t\t\t<p>eZNT-Wi offre aux utilisateurs des strat\u00e9gies de contr\u00f4le de pointe telles que l'ajustement automatique de la ventilation.<\/p>\t\t\t\t\t\t\t\t<\/div>\n\t\t\t\t<\/div>\n\t\t\t\t<\/div>\n\t\t\t\t<\/div>\n\t\t<div class=\"elementor-element elementor-element-42e1ee21 e-con-full e-flex e-con e-child\" data-id=\"42e1ee21\" data-element_type=\"container\" data-e-type=\"container\" data-settings=\"{&quot;background_background&quot;:&quot;classic&quot;}\">\n\t\t\t\t<\/div>\n\t\t\t\t\t<\/div>\n\t\t\t\t<\/div>\n\t\t\t\t<\/div>","protected":false},"excerpt":{"rendered":"<p>eZNT-Wi Wireless BACnet Thermostat The eZNT-Wi is a Wi-Fi network thermostat that combines built-in room sensors in a fully programmable controller. The controller is equipped with three universal inputs and [&hellip;]<\/p>\n","protected":false},"featured_media":31706,"template":"","meta":{"_acf_changed":false},"product_category":[42],"product_tag":[48],"class_list":["post-31384","product","type-product","status-publish","has-post-thumbnail","hentry"],"acf":{"product_spec_sheet_gallery":[31708],"has_spec_sheets":true},"yoast_head":"<!-- This site is optimized with the Yoast SEO Premium plugin v25.9 (Yoast SEO v27.3) - https:\/\/yoast.com\/product\/yoast-seo-premium-wordpress\/ -->\n<title>eZNT-Wi | Delta Controls<\/title>\n<meta name=\"description\" content=\"Wi-Fi thermostat with built-in sensors, customizable interfaces, and flexible I\/O for seamless building integration.\" \/>\n<meta name=\"robots\" content=\"index, follow, max-snippet:-1, max-image-preview:large, max-video-preview:-1\" \/>\n<link rel=\"canonical\" href=\"https:\/\/dev.deltacontrols.com\/fr\/product\/eznt-wi\/\" \/>\n<meta property=\"og:locale\" content=\"fr_FR\" \/>\n<meta property=\"og:type\" content=\"article\" \/>\n<meta property=\"og:title\" content=\"eZNT-Wi\" \/>\n<meta property=\"og:description\" content=\"Wi-Fi thermostat with built-in sensors, customizable interfaces, and flexible I\/O for seamless building integration.\" \/>\n<meta property=\"og:url\" content=\"https:\/\/dev.deltacontrols.com\/fr\/product\/eznt-wi\/\" \/>\n<meta property=\"og:site_name\" content=\"Delta Intelligent Building Technologies (Canada) Inc.\" \/>\n<meta property=\"article:modified_time\" content=\"2025-07-15T05:27:48+00:00\" \/>\n<meta property=\"og:image\" content=\"https:\/\/dev.deltacontrols.com\/wp-content\/uploads\/eZNT-Wi-logo-resized.jpg\" \/>\n\t<meta property=\"og:image:width\" content=\"720\" \/>\n\t<meta property=\"og:image:height\" content=\"405\" \/>\n\t<meta property=\"og:image:type\" content=\"image\/jpeg\" \/>\n<meta name=\"twitter:card\" content=\"summary_large_image\" \/>\n<meta name=\"twitter:site\" content=\"@deltacontrols\" \/>\n<meta name=\"twitter:label1\" content=\"Est. reading time\" \/>\n\t<meta name=\"twitter:data1\" content=\"1 minute\" \/>\n<script type=\"application\/ld+json\" class=\"yoast-schema-graph\">{\"@context\":\"https:\\\/\\\/schema.org\",\"@graph\":[{\"@type\":\"WebPage\",\"@id\":\"https:\\\/\\\/dev.deltacontrols.com\\\/product\\\/eznt-wi\\\/\",\"url\":\"https:\\\/\\\/dev.deltacontrols.com\\\/product\\\/eznt-wi\\\/\",\"name\":\"eZNT-Wi | Delta Controls\",\"isPartOf\":{\"@id\":\"https:\\\/\\\/dev.deltacontrols.com\\\/#website\"},\"primaryImageOfPage\":{\"@id\":\"https:\\\/\\\/dev.deltacontrols.com\\\/product\\\/eznt-wi\\\/#primaryimage\"},\"image\":{\"@id\":\"https:\\\/\\\/dev.deltacontrols.com\\\/product\\\/eznt-wi\\\/#primaryimage\"},\"thumbnailUrl\":\"https:\\\/\\\/dev.deltacontrols.com\\\/wp-content\\\/uploads\\\/eZNT-Wi-logo-resized.jpg\",\"datePublished\":\"2025-06-04T21:56:45+00:00\",\"dateModified\":\"2025-07-15T05:27:48+00:00\",\"description\":\"Wi-Fi thermostat with built-in sensors, customizable interfaces, and flexible I\\\/O for seamless building integration.\",\"breadcrumb\":{\"@id\":\"https:\\\/\\\/dev.deltacontrols.com\\\/product\\\/eznt-wi\\\/#breadcrumb\"},\"inLanguage\":\"fr-FR\",\"potentialAction\":[{\"@type\":\"ReadAction\",\"target\":[\"https:\\\/\\\/dev.deltacontrols.com\\\/product\\\/eznt-wi\\\/\"]}]},{\"@type\":\"ImageObject\",\"inLanguage\":\"fr-FR\",\"@id\":\"https:\\\/\\\/dev.deltacontrols.com\\\/product\\\/eznt-wi\\\/#primaryimage\",\"url\":\"https:\\\/\\\/dev.deltacontrols.com\\\/wp-content\\\/uploads\\\/eZNT-Wi-logo-resized.jpg\",\"contentUrl\":\"https:\\\/\\\/dev.deltacontrols.com\\\/wp-content\\\/uploads\\\/eZNT-Wi-logo-resized.jpg\",\"width\":720,\"height\":405},{\"@type\":\"BreadcrumbList\",\"@id\":\"https:\\\/\\\/dev.deltacontrols.com\\\/product\\\/eznt-wi\\\/#breadcrumb\",\"itemListElement\":[{\"@type\":\"ListItem\",\"position\":1,\"name\":\"Home\",\"item\":\"https:\\\/\\\/dev.deltacontrols.com\\\/\"},{\"@type\":\"ListItem\",\"position\":2,\"name\":\"Products\",\"item\":\"https:\\\/\\\/dev.deltacontrols.com\\\/product\\\/\"},{\"@type\":\"ListItem\",\"position\":3,\"name\":\"eZNT-Wi\"}]},{\"@type\":\"WebSite\",\"@id\":\"https:\\\/\\\/dev.deltacontrols.com\\\/#website\",\"url\":\"https:\\\/\\\/dev.deltacontrols.com\\\/\",\"name\":\"Delta Intelligent Building Technologies (Canada) Inc.\",\"description\":\"\",\"publisher\":{\"@id\":\"https:\\\/\\\/dev.deltacontrols.com\\\/#organization\"},\"potentialAction\":[{\"@type\":\"SearchAction\",\"target\":{\"@type\":\"EntryPoint\",\"urlTemplate\":\"https:\\\/\\\/dev.deltacontrols.com\\\/?s={search_term_string}\"},\"query-input\":{\"@type\":\"PropertyValueSpecification\",\"valueRequired\":true,\"valueName\":\"search_term_string\"}}],\"inLanguage\":\"fr-FR\"},{\"@type\":\"Organization\",\"@id\":\"https:\\\/\\\/dev.deltacontrols.com\\\/#organization\",\"name\":\"Delta Intelligent Building Technologies (Canada) Inc.\",\"url\":\"https:\\\/\\\/dev.deltacontrols.com\\\/\",\"logo\":{\"@type\":\"ImageObject\",\"inLanguage\":\"fr-FR\",\"@id\":\"https:\\\/\\\/dev.deltacontrols.com\\\/#\\\/schema\\\/logo\\\/image\\\/\",\"url\":\"https:\\\/\\\/dev.deltacontrols.com\\\/wp-content\\\/uploads\\\/Delta-Controls-Logo-2024-RGB_WhiteWithRed.png\",\"contentUrl\":\"https:\\\/\\\/dev.deltacontrols.com\\\/wp-content\\\/uploads\\\/Delta-Controls-Logo-2024-RGB_WhiteWithRed.png\",\"width\":1124,\"height\":542,\"caption\":\"Delta Intelligent Building Technologies (Canada) Inc.\"},\"image\":{\"@id\":\"https:\\\/\\\/dev.deltacontrols.com\\\/#\\\/schema\\\/logo\\\/image\\\/\"},\"sameAs\":[\"https:\\\/\\\/x.com\\\/deltacontrols\",\"https:\\\/\\\/www.linkedin.com\\\/company\\\/delta-controls\"]}]}<\/script>\n<!-- \/ Yoast SEO Premium plugin. -->","yoast_head_json":{"title":"eZNT-Wi | Delta Controls","description":"Wi-Fi thermostat with built-in sensors, customizable interfaces, and flexible I\/O for seamless building integration.","robots":{"index":"index","follow":"follow","max-snippet":"max-snippet:-1","max-image-preview":"max-image-preview:large","max-video-preview":"max-video-preview:-1"},"canonical":"https:\/\/dev.deltacontrols.com\/fr\/product\/eznt-wi\/","og_locale":"fr_FR","og_type":"article","og_title":"eZNT-Wi","og_description":"Wi-Fi thermostat with built-in sensors, customizable interfaces, and flexible I\/O for seamless building integration.","og_url":"https:\/\/dev.deltacontrols.com\/fr\/product\/eznt-wi\/","og_site_name":"Delta Intelligent Building Technologies (Canada) Inc.","article_modified_time":"2025-07-15T05:27:48+00:00","og_image":[{"width":720,"height":405,"url":"https:\/\/dev.deltacontrols.com\/wp-content\/uploads\/eZNT-Wi-logo-resized.jpg","type":"image\/jpeg"}],"twitter_card":"summary_large_image","twitter_site":"@deltacontrols","twitter_misc":{"Est. reading time":"1 minute"},"schema":{"@context":"https:\/\/schema.org","@graph":[{"@type":"WebPage","@id":"https:\/\/dev.deltacontrols.com\/product\/eznt-wi\/","url":"https:\/\/dev.deltacontrols.com\/product\/eznt-wi\/","name":"eZNT-Wi | Delta Controls","isPartOf":{"@id":"https:\/\/dev.deltacontrols.com\/#website"},"primaryImageOfPage":{"@id":"https:\/\/dev.deltacontrols.com\/product\/eznt-wi\/#primaryimage"},"image":{"@id":"https:\/\/dev.deltacontrols.com\/product\/eznt-wi\/#primaryimage"},"thumbnailUrl":"https:\/\/dev.deltacontrols.com\/wp-content\/uploads\/eZNT-Wi-logo-resized.jpg","datePublished":"2025-06-04T21:56:45+00:00","dateModified":"2025-07-15T05:27:48+00:00","description":"Wi-Fi thermostat with built-in sensors, customizable interfaces, and flexible I\/O for seamless building integration.","breadcrumb":{"@id":"https:\/\/dev.deltacontrols.com\/product\/eznt-wi\/#breadcrumb"},"inLanguage":"fr-FR","potentialAction":[{"@type":"ReadAction","target":["https:\/\/dev.deltacontrols.com\/product\/eznt-wi\/"]}]},{"@type":"ImageObject","inLanguage":"fr-FR","@id":"https:\/\/dev.deltacontrols.com\/product\/eznt-wi\/#primaryimage","url":"https:\/\/dev.deltacontrols.com\/wp-content\/uploads\/eZNT-Wi-logo-resized.jpg","contentUrl":"https:\/\/dev.deltacontrols.com\/wp-content\/uploads\/eZNT-Wi-logo-resized.jpg","width":720,"height":405},{"@type":"BreadcrumbList","@id":"https:\/\/dev.deltacontrols.com\/product\/eznt-wi\/#breadcrumb","itemListElement":[{"@type":"ListItem","position":1,"name":"Home","item":"https:\/\/dev.deltacontrols.com\/"},{"@type":"ListItem","position":2,"name":"Products","item":"https:\/\/dev.deltacontrols.com\/product\/"},{"@type":"ListItem","position":3,"name":"eZNT-Wi"}]},{"@type":"WebSite","@id":"https:\/\/dev.deltacontrols.com\/#website","url":"https:\/\/dev.deltacontrols.com\/","name":"Delta Intelligent Building Technologies (Canada) Inc.","description":"","publisher":{"@id":"https:\/\/dev.deltacontrols.com\/#organization"},"potentialAction":[{"@type":"SearchAction","target":{"@type":"EntryPoint","urlTemplate":"https:\/\/dev.deltacontrols.com\/?s={search_term_string}"},"query-input":{"@type":"PropertyValueSpecification","valueRequired":true,"valueName":"search_term_string"}}],"inLanguage":"fr-FR"},{"@type":"Organization","@id":"https:\/\/dev.deltacontrols.com\/#organization","name":"Delta Intelligent Building Technologies (Canada) Inc.","url":"https:\/\/dev.deltacontrols.com\/","logo":{"@type":"ImageObject","inLanguage":"fr-FR","@id":"https:\/\/dev.deltacontrols.com\/#\/schema\/logo\/image\/","url":"https:\/\/dev.deltacontrols.com\/wp-content\/uploads\/Delta-Controls-Logo-2024-RGB_WhiteWithRed.png","contentUrl":"https:\/\/dev.deltacontrols.com\/wp-content\/uploads\/Delta-Controls-Logo-2024-RGB_WhiteWithRed.png","width":1124,"height":542,"caption":"Delta Intelligent Building Technologies (Canada) Inc."},"image":{"@id":"https:\/\/dev.deltacontrols.com\/#\/schema\/logo\/image\/"},"sameAs":["https:\/\/x.com\/deltacontrols","https:\/\/www.linkedin.com\/company\/delta-controls"]}]}},"_links":{"self":[{"href":"https:\/\/dev.deltacontrols.com\/fr\/wp-json\/wp\/v2\/product\/31384","targetHints":{"allow":["GET"]}}],"collection":[{"href":"https:\/\/dev.deltacontrols.com\/fr\/wp-json\/wp\/v2\/product"}],"about":[{"href":"https:\/\/dev.deltacontrols.com\/fr\/wp-json\/wp\/v2\/types\/product"}],"version-history":[{"count":0,"href":"https:\/\/dev.deltacontrols.com\/fr\/wp-json\/wp\/v2\/product\/31384\/revisions"}],"acf:attachment":[{"embeddable":true,"href":"https:\/\/dev.deltacontrols.com\/fr\/wp-json\/wp\/v2\/media\/31708"}],"wp:featuredmedia":[{"embeddable":true,"href":"https:\/\/dev.deltacontrols.com\/fr\/wp-json\/wp\/v2\/media\/31706"}],"wp:attachment":[{"href":"https:\/\/dev.deltacontrols.com\/fr\/wp-json\/wp\/v2\/media?parent=31384"}],"wp:term":[{"taxonomy":"product_category","embeddable":true,"href":"https:\/\/dev.deltacontrols.com\/fr\/wp-json\/wp\/v2\/product_category?post=31384"},{"taxonomy":"product_tag","embeddable":true,"href":"https:\/\/dev.deltacontrols.com\/fr\/wp-json\/wp\/v2\/product_tag?post=31384"}],"curies":[{"name":"wp","href":"https:\/\/api.w.org\/{rel}","templated":true}]}}