{"id":31400,"date":"2025-03-11T14:07:37","date_gmt":"2025-03-11T21:07:37","guid":{"rendered":"https:\/\/deltacontrols.wpenginepowered.com\/?page_id=31400"},"modified":"2025-10-14T19:45:51","modified_gmt":"2025-10-15T02:45:51","slug":"programs-services","status":"publish","type":"page","link":"https:\/\/dev.deltacontrols.com\/pl\/programs-services\/","title":{"rendered":"Programs &#038; Services"},"content":{"rendered":"<div data-elementor-type=\"wp-page\" data-elementor-id=\"31400\" class=\"elementor elementor-31400\" data-elementor-post-type=\"page\">\n\t\t\t\t<section class=\"elementor-element elementor-element-286398d e-flex e-con-boxed e-con e-parent\" data-id=\"286398d\" data-element_type=\"container\" data-e-type=\"container\" data-settings=\"{&quot;background_background&quot;:&quot;classic&quot;}\">\n\t\t\t\t\t<div class=\"e-con-inner\">\n\t\t\t\t\t<\/div>\n\t\t\t\t<\/section>\n\t\t<section class=\"elementor-element elementor-element-2e78143 e-flex e-con-boxed e-con e-parent\" data-id=\"2e78143\" data-element_type=\"container\" data-e-type=\"container\">\n\t\t\t\t\t<div class=\"e-con-inner\">\n\t\t<div class=\"elementor-element elementor-element-3c70061 e-con-full e-flex e-con e-child\" data-id=\"3c70061\" data-element_type=\"container\" data-e-type=\"container\">\n\t\t\t\t<div class=\"elementor-element elementor-element-60f14ee elementor-widget elementor-widget-heading\" data-id=\"60f14ee\" data-element_type=\"widget\" data-e-type=\"widget\" data-widget_type=\"heading.default\">\n\t\t\t\t<div class=\"elementor-widget-container\">\n\t\t\t\t\t<h1 class=\"elementor-heading-title elementor-size-default\">Programy i us\u0142ugi<\/h1>\t\t\t\t<\/div>\n\t\t\t\t<\/div>\n\t\t\t\t<div class=\"elementor-element elementor-element-11be4cb elementor-widget elementor-widget-heading\" data-id=\"11be4cb\" data-element_type=\"widget\" data-e-type=\"widget\" data-widget_type=\"heading.default\">\n\t\t\t\t<div class=\"elementor-widget-container\">\n\t\t\t\t\t<h5 class=\"elementor-heading-title elementor-size-default\">Twoje wsparcie w automatyzacji budynk\u00f3w<\/h5>\t\t\t\t<\/div>\n\t\t\t\t<\/div>\n\t\t\t\t<\/div>\n\t\t<div class=\"elementor-element elementor-element-fdf8334 e-con-full e-flex e-con e-child\" data-id=\"fdf8334\" data-element_type=\"container\" data-e-type=\"container\">\n\t\t\t\t<div class=\"elementor-element elementor-element-a905b26 elementor-widget elementor-widget-text-editor\" data-id=\"a905b26\" data-element_type=\"widget\" data-e-type=\"widget\" data-widget_type=\"text-editor.default\">\n\t\t\t\t<div class=\"elementor-widget-container\">\n\t\t\t\t\t\t\t\t\t<p>W Delta Controls rozumiemy, \u017ce oferowanie wyj\u0105tkowych rozwi\u0105za\u0144 w zakresie automatyki budynkowej wymaga czego\u015b wi\u0119cej ni\u017c tylko najnowocze\u015bniejszych produkt\u00f3w. Wymaga to ca\u0142o\u015bciowego podej\u015bcia, kt\u00f3re obejmuje solidne wsparcie, innowacyjne us\u0142ugi i zaanga\u017cowanie w osi\u0105gni\u0119cie sukcesu na ka\u017cdym etapie. Nasze programy i us\u0142ugi zosta\u0142y opracowane, aby zapewni\u0107 partnerom, konsultantom i w\u0142a\u015bcicielom budynk\u00f3w narz\u0119dzia i wiedz\u0119 niezb\u0119dn\u0105 do osi\u0105gni\u0119cia sukcesu w dzisiejszym dynamicznym \u015brodowisku.<\/p><p>Zapoznaj si\u0119 z naszymi programami i us\u0142ugami, aby dowiedzie\u0107 si\u0119, w jaki spos\u00f3b Delta Controls mo\u017ce wesprze\u0107 Twoje projekty, zwi\u0119kszy\u0107 Twoje mo\u017cliwo\u015bci i przyczyni\u0107 si\u0119 do Twojego sukcesu w bran\u017cy automatyki budynkowej.<\/p>\t\t\t\t\t\t\t\t<\/div>\n\t\t\t\t<\/div>\n\t\t\t\t<\/div>\n\t\t\t\t\t<\/div>\n\t\t\t\t<\/section>\n\t\t<section class=\"elementor-element elementor-element-cb35885 e-flex e-con-boxed e-con e-parent\" data-id=\"cb35885\" data-element_type=\"container\" data-e-type=\"container\" data-settings=\"{&quot;background_background&quot;:&quot;classic&quot;}\">\n\t\t\t\t\t<div class=\"e-con-inner\">\n\t\t<div class=\"elementor-element elementor-element-a2f9dc4 e-grid e-con-full e-con e-child\" data-id=\"a2f9dc4\" data-element_type=\"container\" data-e-type=\"container\">\n\t\t<div class=\"elementor-element elementor-element-3c332da e-con-full e-flex e-con e-child\" data-id=\"3c332da\" data-element_type=\"container\" data-e-type=\"container\">\n\t\t\t\t<div class=\"elementor-element elementor-element-a6288c2 elementor-cta--skin-classic elementor-animated-content elementor-bg-transform elementor-bg-transform-zoom-in elementor-widget elementor-widget-call-to-action\" data-id=\"a6288c2\" data-element_type=\"widget\" data-e-type=\"widget\" data-widget_type=\"call-to-action.default\">\n\t\t\t\t<div class=\"elementor-widget-container\">\n\t\t\t\t\t\t\t<div class=\"elementor-cta\">\n\t\t\t\t\t<div class=\"elementor-cta__bg-wrapper\">\n\t\t\t\t<div class=\"elementor-cta__bg elementor-bg\" style=\"background-image: url(https:\/\/dev.deltacontrols.com\/wp-content\/uploads\/Global-Sales-Regions-2019-2-1.jpg);\" role=\"img\" aria-label=\"Global-Sales-Regions-2019-2\"><\/div>\n\t\t\t\t<div class=\"elementor-cta__bg-overlay\"><\/div>\n\t\t\t<\/div>\n\t\t\t\t\t\t\t<div class=\"elementor-cta__content\">\n\t\t\t\t\n\t\t\t\t\t\t\t\t\t<h2 class=\"elementor-cta__title elementor-cta__content-item elementor-content-item\">\n\t\t\t\t\t\tProdukcja oryginalnego sprz\u0119tu\t\t\t\t\t<\/h2>\n\t\t\t\t\n\t\t\t\t\t\t\t\t\t<div class=\"elementor-cta__description elementor-cta__content-item elementor-content-item\">\n\t\t\t\t\t\tZesp\u00f3\u0142 ds. us\u0142ug OEM wsp\u00f3\u0142pracuje z Tob\u0105, \u017ceby znale\u017a\u0107 rozwi\u0105zanie, kt\u00f3rego potrzebujesz przez ca\u0142y cykl \u017cycia produktu, oferuj\u0105c niezr\u00f3wnane wsparcie i elastyczne us\u0142ugi. Identyfikujemy Twoje aspiracje od momentu rozpocz\u0119cia wsp\u00f3\u0142pracy i pe\u0142nimy rol\u0119 konsultant\u00f3w, oferuj\u0105c burz\u0119 m\u00f3zg\u00f3w o warto\u015bci dodanej i pomagaj\u0105c rozwija\u0107 Twoj\u0105 dzia\u0142alno\u015b\u0107.\t\t\t\t\t<\/div>\n\t\t\t\t\n\t\t\t\t\t\t\t\t\t<div class=\"elementor-cta__button-wrapper elementor-cta__content-item elementor-content-item\">\n\t\t\t\t\t<a class=\"elementor-cta__button elementor-button elementor-size-\" href=\"https:\/\/dev.deltacontrols.com\/pl\/solutions\/oem-solutions\/\" target=\"_blank\">\n\t\t\t\t\t\tDowiedz si\u0119 wi\u0119cej\t\t\t\t\t<\/a>\n\t\t\t\t\t<\/div>\n\t\t\t\t\t\t\t<\/div>\n\t\t\t\t\t\t<\/div>\n\t\t\t\t\t\t<\/div>\n\t\t\t\t<\/div>\n\t\t\t\t<\/div>\n\t\t<div class=\"elementor-element elementor-element-fb4867c e-con-full e-flex e-con e-child\" data-id=\"fb4867c\" data-element_type=\"container\" data-e-type=\"container\">\n\t\t\t\t<div class=\"elementor-element elementor-element-32e6cc4 elementor-cta--skin-classic elementor-animated-content elementor-bg-transform elementor-bg-transform-zoom-in elementor-widget elementor-widget-call-to-action\" data-id=\"32e6cc4\" data-element_type=\"widget\" data-e-type=\"widget\" data-widget_type=\"call-to-action.default\">\n\t\t\t\t<div class=\"elementor-widget-container\">\n\t\t\t\t\t\t\t<div class=\"elementor-cta\">\n\t\t\t\t\t<div class=\"elementor-cta__bg-wrapper\">\n\t\t\t\t<div class=\"elementor-cta__bg elementor-bg\" style=\"background-image: url(https:\/\/dev.deltacontrols.com\/wp-content\/uploads\/Cybersecurity-Webpage-banner-thumbnail.jpg);\" role=\"img\" aria-label=\"Cybersecurity-Webpage-banner-thumbnail\"><\/div>\n\t\t\t\t<div class=\"elementor-cta__bg-overlay\"><\/div>\n\t\t\t<\/div>\n\t\t\t\t\t\t\t<div class=\"elementor-cta__content\">\n\t\t\t\t\n\t\t\t\t\t\t\t\t\t<h2 class=\"elementor-cta__title elementor-cta__content-item elementor-content-item\">\n\t\t\t\t\t\tCyberbezpiecze\u0144stwo\t\t\t\t\t<\/h2>\n\t\t\t\t\n\t\t\t\t\t\t\t\t\t<div class=\"elementor-cta__description elementor-cta__content-item elementor-content-item\">\n\t\t\t\t\t\tZespo\u0142y ds. cyberbezpiecze\u0144stwa Delta Controls pomagaj\u0105 radzi\u0107 sobie z lukami w zabezpieczeniach i wyzwaniami zwi\u0105zanymi z bezpiecze\u0144stwem, z kt\u00f3rymi spotykamy si\u0119 ka\u017cdego dnia. Staramy si\u0119 zapewnia\u0107 bezpiecze\u0144stwo sieci w budynkach, wdra\u017caj\u0105c najlepsze praktyki w zakresie integracji IT, stale weryfikuj\u0105c nasze produkty i aktualizuj\u0105c na czas zabezpieczenia.\t\t\t\t\t<\/div>\n\t\t\t\t\n\t\t\t\t\t\t\t\t\t<div class=\"elementor-cta__button-wrapper elementor-cta__content-item elementor-content-item\">\n\t\t\t\t\t<a class=\"elementor-cta__button elementor-button elementor-size-\" href=\"https:\/\/dev.deltacontrols.com\/pl\/programs-services\/cyber-security\/\" target=\"_blank\">\n\t\t\t\t\t\tDowiedz si\u0119 wi\u0119cej\t\t\t\t\t<\/a>\n\t\t\t\t\t<\/div>\n\t\t\t\t\t\t\t<\/div>\n\t\t\t\t\t\t<\/div>\n\t\t\t\t\t\t<\/div>\n\t\t\t\t<\/div>\n\t\t\t\t<\/div>\n\t\t<div class=\"elementor-element elementor-element-f9810a9 e-con-full e-flex e-con e-child\" data-id=\"f9810a9\" data-element_type=\"container\" data-e-type=\"container\">\n\t\t\t\t<div class=\"elementor-element elementor-element-689dce9 elementor-cta--skin-classic elementor-animated-content elementor-bg-transform elementor-bg-transform-zoom-in elementor-widget elementor-widget-call-to-action\" data-id=\"689dce9\" data-element_type=\"widget\" data-e-type=\"widget\" data-widget_type=\"call-to-action.default\">\n\t\t\t\t<div class=\"elementor-widget-container\">\n\t\t\t\t\t\t\t<div class=\"elementor-cta\">\n\t\t\t\t\t<div class=\"elementor-cta__bg-wrapper\">\n\t\t\t\t<div class=\"elementor-cta__bg elementor-bg\" style=\"background-image: url(https:\/\/dev.deltacontrols.com\/wp-content\/uploads\/Corporate-Accounts-Solutions-Page-Badge.jpg);\" role=\"img\" aria-label=\"Corporate-Accounts-Solutions-Page-Badge\"><\/div>\n\t\t\t\t<div class=\"elementor-cta__bg-overlay\"><\/div>\n\t\t\t<\/div>\n\t\t\t\t\t\t\t<div class=\"elementor-cta__content\">\n\t\t\t\t\n\t\t\t\t\t\t\t\t\t<h2 class=\"elementor-cta__title elementor-cta__content-item elementor-content-item\">\n\t\t\t\t\t\tDelta Direct\t\t\t\t\t<\/h2>\n\t\t\t\t\n\t\t\t\t\t\t\t\t\t<div class=\"elementor-cta__description elementor-cta__content-item elementor-content-item\">\n\t\t\t\t\t\tZesp\u00f3\u0142 Delta Direct firmy Delta Controls wsp\u00f3\u0142pracuje z dzia\u0142em us\u0142ug rozwoju zawodowego w celu opracowywania i wdra\u017cania rozwi\u0105za\u0144 dla klient\u00f3w posiadaj\u0105cych wiele lokalizacji, wymagaj\u0105cych rozwi\u0105za\u0144 technicznych i niestandardowych.\t\t\t\t\t<\/div>\n\t\t\t\t\n\t\t\t\t\t\t\t\t\t<div class=\"elementor-cta__button-wrapper elementor-cta__content-item elementor-content-item\">\n\t\t\t\t\t<a class=\"elementor-cta__button elementor-button elementor-size-\" href=\"https:\/\/dev.deltacontrols.com\/pl\/programs-services\/delta-direct\/\" target=\"_blank\">\n\t\t\t\t\t\tDowiedz si\u0119 wi\u0119cej\t\t\t\t\t<\/a>\n\t\t\t\t\t<\/div>\n\t\t\t\t\t\t\t<\/div>\n\t\t\t\t\t\t<\/div>\n\t\t\t\t\t\t<\/div>\n\t\t\t\t<\/div>\n\t\t\t\t<\/div>\n\t\t\t\t<\/div>\n\t\t\t\t\t<\/div>\n\t\t\t\t<\/section>\n\t\t\t\t<\/div>","protected":false},"excerpt":{"rendered":"<p>Programs &amp; Services Empowering Your Building Automation Journey At Delta Controls, we understand that delivering exceptional building automation solutions requires more than just cutting-edge products. It demands a holistic approach [&hellip;]<\/p>\n","protected":false},"author":2,"featured_media":0,"parent":0,"menu_order":0,"comment_status":"closed","ping_status":"closed","template":"","meta":{"_acf_changed":false,"footnotes":""},"class_list":["post-31400","page","type-page","status-publish","hentry"],"acf":[],"yoast_head":"<!-- This site is optimized with the Yoast SEO Premium plugin v25.9 (Yoast SEO v27.3) - https:\/\/yoast.com\/product\/yoast-seo-premium-wordpress\/ -->\n<title>Programs &amp; Services | Delta Controls<\/title>\n<meta name=\"description\" content=\"Explore Delta\u2019s programs and services\u2014from global partnerships to engineering support\u2014designed to drive your building\u2019s long-term success.\" \/>\n<meta name=\"robots\" content=\"index, follow, max-snippet:-1, max-image-preview:large, max-video-preview:-1\" \/>\n<link rel=\"canonical\" href=\"https:\/\/dev.deltacontrols.com\/pl\/programs-services\/\" \/>\n<meta property=\"og:locale\" content=\"pl_PL\" \/>\n<meta property=\"og:type\" content=\"article\" \/>\n<meta property=\"og:title\" content=\"Programs &amp; Services\" \/>\n<meta property=\"og:description\" content=\"Explore Delta\u2019s programs and services\u2014from global partnerships to engineering support\u2014designed to drive your building\u2019s long-term success.\" \/>\n<meta property=\"og:url\" content=\"https:\/\/dev.deltacontrols.com\/pl\/programs-services\/\" \/>\n<meta property=\"og:site_name\" content=\"Delta Intelligent Building Technologies (Canada) Inc.\" \/>\n<meta property=\"article:modified_time\" content=\"2025-10-15T02:45:51+00:00\" \/>\n<meta name=\"twitter:card\" content=\"summary_large_image\" \/>\n<meta name=\"twitter:site\" content=\"@deltacontrols\" \/>\n<meta name=\"twitter:label1\" content=\"Est. reading time\" \/>\n\t<meta name=\"twitter:data1\" content=\"1 minuta\" \/>\n<script type=\"application\/ld+json\" class=\"yoast-schema-graph\">{\"@context\":\"https:\\\/\\\/schema.org\",\"@graph\":[{\"@type\":\"WebPage\",\"@id\":\"https:\\\/\\\/dev.deltacontrols.com\\\/programs-services\\\/\",\"url\":\"https:\\\/\\\/dev.deltacontrols.com\\\/programs-services\\\/\",\"name\":\"Programs & Services | Delta Controls\",\"isPartOf\":{\"@id\":\"https:\\\/\\\/dev.deltacontrols.com\\\/#website\"},\"datePublished\":\"2025-03-11T21:07:37+00:00\",\"dateModified\":\"2025-10-15T02:45:51+00:00\",\"description\":\"Explore Delta\u2019s programs and services\u2014from global partnerships to engineering support\u2014designed to drive your building\u2019s long-term success.\",\"breadcrumb\":{\"@id\":\"https:\\\/\\\/dev.deltacontrols.com\\\/programs-services\\\/#breadcrumb\"},\"inLanguage\":\"pl-PL\",\"potentialAction\":[{\"@type\":\"ReadAction\",\"target\":[\"https:\\\/\\\/dev.deltacontrols.com\\\/programs-services\\\/\"]}]},{\"@type\":\"BreadcrumbList\",\"@id\":\"https:\\\/\\\/dev.deltacontrols.com\\\/programs-services\\\/#breadcrumb\",\"itemListElement\":[{\"@type\":\"ListItem\",\"position\":1,\"name\":\"Home\",\"item\":\"https:\\\/\\\/dev.deltacontrols.com\\\/\"},{\"@type\":\"ListItem\",\"position\":2,\"name\":\"Programs &#038; Services\"}]},{\"@type\":\"WebSite\",\"@id\":\"https:\\\/\\\/dev.deltacontrols.com\\\/#website\",\"url\":\"https:\\\/\\\/dev.deltacontrols.com\\\/\",\"name\":\"Delta Intelligent Building Technologies (Canada) Inc.\",\"description\":\"\",\"publisher\":{\"@id\":\"https:\\\/\\\/dev.deltacontrols.com\\\/#organization\"},\"potentialAction\":[{\"@type\":\"SearchAction\",\"target\":{\"@type\":\"EntryPoint\",\"urlTemplate\":\"https:\\\/\\\/dev.deltacontrols.com\\\/?s={search_term_string}\"},\"query-input\":{\"@type\":\"PropertyValueSpecification\",\"valueRequired\":true,\"valueName\":\"search_term_string\"}}],\"inLanguage\":\"pl-PL\"},{\"@type\":\"Organization\",\"@id\":\"https:\\\/\\\/dev.deltacontrols.com\\\/#organization\",\"name\":\"Delta Intelligent Building Technologies (Canada) Inc.\",\"url\":\"https:\\\/\\\/dev.deltacontrols.com\\\/\",\"logo\":{\"@type\":\"ImageObject\",\"inLanguage\":\"pl-PL\",\"@id\":\"https:\\\/\\\/dev.deltacontrols.com\\\/#\\\/schema\\\/logo\\\/image\\\/\",\"url\":\"https:\\\/\\\/dev.deltacontrols.com\\\/wp-content\\\/uploads\\\/Delta-Controls-Logo-2024-RGB_WhiteWithRed.png\",\"contentUrl\":\"https:\\\/\\\/dev.deltacontrols.com\\\/wp-content\\\/uploads\\\/Delta-Controls-Logo-2024-RGB_WhiteWithRed.png\",\"width\":1124,\"height\":542,\"caption\":\"Delta Intelligent Building Technologies (Canada) Inc.\"},\"image\":{\"@id\":\"https:\\\/\\\/dev.deltacontrols.com\\\/#\\\/schema\\\/logo\\\/image\\\/\"},\"sameAs\":[\"https:\\\/\\\/x.com\\\/deltacontrols\",\"https:\\\/\\\/www.linkedin.com\\\/company\\\/delta-controls\"]}]}<\/script>\n<!-- \/ Yoast SEO Premium plugin. -->","yoast_head_json":{"title":"Programs & Services | Delta Controls","description":"Explore Delta\u2019s programs and services\u2014from global partnerships to engineering support\u2014designed to drive your building\u2019s long-term success.","robots":{"index":"index","follow":"follow","max-snippet":"max-snippet:-1","max-image-preview":"max-image-preview:large","max-video-preview":"max-video-preview:-1"},"canonical":"https:\/\/dev.deltacontrols.com\/pl\/programs-services\/","og_locale":"pl_PL","og_type":"article","og_title":"Programs & Services","og_description":"Explore Delta\u2019s programs and services\u2014from global partnerships to engineering support\u2014designed to drive your building\u2019s long-term success.","og_url":"https:\/\/dev.deltacontrols.com\/pl\/programs-services\/","og_site_name":"Delta Intelligent Building Technologies (Canada) Inc.","article_modified_time":"2025-10-15T02:45:51+00:00","twitter_card":"summary_large_image","twitter_site":"@deltacontrols","twitter_misc":{"Est. reading time":"1 minuta"},"schema":{"@context":"https:\/\/schema.org","@graph":[{"@type":"WebPage","@id":"https:\/\/dev.deltacontrols.com\/programs-services\/","url":"https:\/\/dev.deltacontrols.com\/programs-services\/","name":"Programs & Services | Delta Controls","isPartOf":{"@id":"https:\/\/dev.deltacontrols.com\/#website"},"datePublished":"2025-03-11T21:07:37+00:00","dateModified":"2025-10-15T02:45:51+00:00","description":"Explore Delta\u2019s programs and services\u2014from global partnerships to engineering support\u2014designed to drive your building\u2019s long-term success.","breadcrumb":{"@id":"https:\/\/dev.deltacontrols.com\/programs-services\/#breadcrumb"},"inLanguage":"pl-PL","potentialAction":[{"@type":"ReadAction","target":["https:\/\/dev.deltacontrols.com\/programs-services\/"]}]},{"@type":"BreadcrumbList","@id":"https:\/\/dev.deltacontrols.com\/programs-services\/#breadcrumb","itemListElement":[{"@type":"ListItem","position":1,"name":"Home","item":"https:\/\/dev.deltacontrols.com\/"},{"@type":"ListItem","position":2,"name":"Programs &#038; Services"}]},{"@type":"WebSite","@id":"https:\/\/dev.deltacontrols.com\/#website","url":"https:\/\/dev.deltacontrols.com\/","name":"Delta Intelligent Building Technologies (Canada) Inc.","description":"","publisher":{"@id":"https:\/\/dev.deltacontrols.com\/#organization"},"potentialAction":[{"@type":"SearchAction","target":{"@type":"EntryPoint","urlTemplate":"https:\/\/dev.deltacontrols.com\/?s={search_term_string}"},"query-input":{"@type":"PropertyValueSpecification","valueRequired":true,"valueName":"search_term_string"}}],"inLanguage":"pl-PL"},{"@type":"Organization","@id":"https:\/\/dev.deltacontrols.com\/#organization","name":"Delta Intelligent Building Technologies (Canada) Inc.","url":"https:\/\/dev.deltacontrols.com\/","logo":{"@type":"ImageObject","inLanguage":"pl-PL","@id":"https:\/\/dev.deltacontrols.com\/#\/schema\/logo\/image\/","url":"https:\/\/dev.deltacontrols.com\/wp-content\/uploads\/Delta-Controls-Logo-2024-RGB_WhiteWithRed.png","contentUrl":"https:\/\/dev.deltacontrols.com\/wp-content\/uploads\/Delta-Controls-Logo-2024-RGB_WhiteWithRed.png","width":1124,"height":542,"caption":"Delta Intelligent Building Technologies (Canada) Inc."},"image":{"@id":"https:\/\/dev.deltacontrols.com\/#\/schema\/logo\/image\/"},"sameAs":["https:\/\/x.com\/deltacontrols","https:\/\/www.linkedin.com\/company\/delta-controls"]}]}},"featured_image_src":null,"featured_image_src_square":null,"_links":{"self":[{"href":"https:\/\/dev.deltacontrols.com\/pl\/wp-json\/wp\/v2\/pages\/31400","targetHints":{"allow":["GET"]}}],"collection":[{"href":"https:\/\/dev.deltacontrols.com\/pl\/wp-json\/wp\/v2\/pages"}],"about":[{"href":"https:\/\/dev.deltacontrols.com\/pl\/wp-json\/wp\/v2\/types\/page"}],"author":[{"embeddable":true,"href":"https:\/\/dev.deltacontrols.com\/pl\/wp-json\/wp\/v2\/users\/2"}],"replies":[{"embeddable":true,"href":"https:\/\/dev.deltacontrols.com\/pl\/wp-json\/wp\/v2\/comments?post=31400"}],"version-history":[{"count":0,"href":"https:\/\/dev.deltacontrols.com\/pl\/wp-json\/wp\/v2\/pages\/31400\/revisions"}],"wp:attachment":[{"href":"https:\/\/dev.deltacontrols.com\/pl\/wp-json\/wp\/v2\/media?parent=31400"}],"curies":[{"name":"wp","href":"https:\/\/api.w.org\/{rel}","templated":true}]}}